{"id":60,"date":"2019-03-10T19:13:19","date_gmt":"2019-03-10T18:13:19","guid":{"rendered":"http:\/\/demo7.mr-avtomatika.com\/?page_id=60"},"modified":"2020-05-01T17:08:20","modified_gmt":"2020-05-01T15:08:20","slug":"it-programiranje","status":"publish","type":"page","link":"https:\/\/mr-avtomatika.com\/en\/it-programiranje\/","title":{"rendered":"IT &#8211; Programiranje"},"content":{"rendered":"<div data-elementor-type=\"wp-post\" data-elementor-id=\"60\" class=\"elementor elementor-60\">\n\t\t\t\t\t\t<section class=\"elementor-section elementor-top-section elementor-element elementor-element-90eae97 elementor-section-stretched animated-slow elementor-section-boxed elementor-section-height-default elementor-section-height-default elementor-invisible\" data-id=\"90eae97\" data-element_type=\"section\" data-e-type=\"section\" data-settings=\"{&quot;stretch_section&quot;:&quot;section-stretched&quot;,&quot;background_background&quot;:&quot;classic&quot;,&quot;animation&quot;:&quot;fadeIn&quot;}\">\n\t\t\t\t\t\t<div class=\"elementor-container elementor-column-gap-default\">\n\t\t\t\t\t<div class=\"elementor-column elementor-col-100 elementor-top-column elementor-element elementor-element-bdf8d42\" data-id=\"bdf8d42\" data-element_type=\"column\" data-e-type=\"column\">\n\t\t\t<div class=\"elementor-widget-wrap elementor-element-populated\">\n\t\t\t\t\t\t<div class=\"elementor-element elementor-element-eefee2e elementor-widget-divider--view-line elementor-widget elementor-widget-divider\" data-id=\"eefee2e\" data-element_type=\"widget\" data-e-type=\"widget\" data-widget_type=\"divider.default\">\n\t\t\t\t<div class=\"elementor-widget-container\">\n\t\t\t\t\t\t\t<div class=\"elementor-divider\">\n\t\t\t<span class=\"elementor-divider-separator\">\n\t\t\t\t\t\t<\/span>\n\t\t<\/div>\n\t\t\t\t\t\t<\/div>\n\t\t\t\t<\/div>\n\t\t\t\t<div class=\"elementor-element elementor-element-d00d99a elementor-widget elementor-widget-text-editor\" data-id=\"d00d99a\" data-element_type=\"widget\" data-e-type=\"widget\" data-widget_type=\"text-editor.default\">\n\t\t\t\t<div class=\"elementor-widget-container\">\n\t\t\t\t\t\t\t\t\t<p class=\"translation-block\"><span style=\"font-size: 14pt;color: #ffffff\"> <strong> Computer science <\/strong> is a very comprehensive and challenging area that we try to <strong> comprehensively <\/strong> and <strong> professionally manage <\/strong>. For this reason, together with partner companies, <strong> we offer <\/strong> small, medium and large companies <strong> all for the successful running and operation of the business <\/strong>. <\/span><\/p>\n<p><span style=\"font-size: 14pt; color: #ffffff;\">Skupaj z podjetji&nbsp;<\/span><a href=\"http:\/\/www.sistem24.si\/\" target=\"_blank\"><b>SISTEM24<\/b><\/a><span style=\"font-size: 14pt; color: #ffffff;\"><strong>,&nbsp;<\/strong><\/span><a href=\"http:\/\/spock.si\/\" target=\"_blank\"><b>SPOCK<\/b><\/a><span style=\"font-size: 14pt; color: #ffffff;\"><strong>,&nbsp;<\/strong><\/span><a href=\"http:\/\/www.bovianplus.si\" target=\"_blank\"><b>BOVIAN+<\/b><\/a><span style=\"font-size: 14pt; color: #ffffff;\"><strong>&nbsp;and&nbsp;<\/strong><\/span><a href=\"https:\/\/etos-solutions.com\" target=\"_blank\"><b>ETOS SOLUTIONS<\/b><\/a><span style=\"font-size: 14pt; color: #ffffff;\">, kupcem ponujamo celovite informacijske re\u0161itve, prilagojene njihovim \u017eeljam in potrebam.&nbsp;<\/span><\/p>\n<p class=\"translation-block\"><span style=\"font-size: 14pt;color: #ffffff\"> At the same time, we're also developing <strong> our own information solutions for complex business systems and processes, and offering and supporting various pre-existing solutions. <\/strong><\/span><\/p>\t\t\t\t\t\t\t\t<\/div>\n\t\t\t\t<\/div>\n\t\t\t\t<div class=\"elementor-element elementor-element-31d4c0f elementor-widget-divider--view-line elementor-widget elementor-widget-divider\" data-id=\"31d4c0f\" data-element_type=\"widget\" data-e-type=\"widget\" data-widget_type=\"divider.default\">\n\t\t\t\t<div class=\"elementor-widget-container\">\n\t\t\t\t\t\t\t<div class=\"elementor-divider\">\n\t\t\t<span class=\"elementor-divider-separator\">\n\t\t\t\t\t\t<\/span>\n\t\t<\/div>\n\t\t\t\t\t\t<\/div>\n\t\t\t\t<\/div>\n\t\t\t\t\t<\/div>\n\t\t<\/div>\n\t\t\t\t\t<\/div>\n\t\t<\/section>\n\t\t\t\t<section class=\"elementor-section elementor-top-section elementor-element elementor-element-0758480 elementor-section-boxed elementor-section-height-default elementor-section-height-default\" data-id=\"0758480\" data-element_type=\"section\" data-e-type=\"section\">\n\t\t\t\t\t\t<div class=\"elementor-container elementor-column-gap-default\">\n\t\t\t\t\t<div class=\"elementor-column elementor-col-100 elementor-top-column elementor-element elementor-element-5061e77\" data-id=\"5061e77\" data-element_type=\"column\" data-e-type=\"column\">\n\t\t\t<div class=\"elementor-widget-wrap elementor-element-populated\">\n\t\t\t\t\t\t<section class=\"elementor-section elementor-inner-section elementor-element elementor-element-dc09dd4 elementor-section-boxed elementor-section-height-default elementor-section-height-default\" data-id=\"dc09dd4\" data-element_type=\"section\" data-e-type=\"section\">\n\t\t\t\t\t\t<div class=\"elementor-container elementor-column-gap-default\">\n\t\t\t\t\t<div class=\"elementor-column elementor-col-50 elementor-inner-column elementor-element elementor-element-b59444b elementor-invisible\" data-id=\"b59444b\" data-element_type=\"column\" data-e-type=\"column\" data-settings=\"{&quot;animation&quot;:&quot;fadeInLeft&quot;}\">\n\t\t\t<div class=\"elementor-widget-wrap elementor-element-populated\">\n\t\t\t\t\t\t<div class=\"elementor-element elementor-element-a373957 elementor-widget elementor-widget-image\" data-id=\"a373957\" data-element_type=\"widget\" data-e-type=\"widget\" data-widget_type=\"image.default\">\n\t\t\t\t<div class=\"elementor-widget-container\">\n\t\t\t\t\t\t\t\t\t\t\t\t\t\t\t\t<a href=\"https:\/\/www.datalab.si\/pantheon\/accounting\/\">\n\t\t\t\t\t\t\t<img decoding=\"async\" width=\"300\" height=\"61\" src=\"https:\/\/mr-avtomatika.com\/wp-content\/uploads\/2020\/01\/pantheon_datalab_logo-e1588002831340-300x61.png\" class=\"elementor-animation-grow attachment-medium size-medium wp-image-379\" alt=\"\" srcset=\"https:\/\/mr-avtomatika.com\/wp-content\/uploads\/2020\/01\/pantheon_datalab_logo-e1588002831340-300x61.png 300w, https:\/\/mr-avtomatika.com\/wp-content\/uploads\/2020\/01\/pantheon_datalab_logo-e1588002831340.png 702w\" sizes=\"(max-width: 300px) 100vw, 300px\" \/>\t\t\t\t\t\t\t\t<\/a>\n\t\t\t\t\t\t\t\t\t\t\t\t\t\t\t<\/div>\n\t\t\t\t<\/div>\n\t\t\t\t<div class=\"elementor-element elementor-element-f5608a8 elementor-widget elementor-widget-heading\" data-id=\"f5608a8\" data-element_type=\"widget\" data-e-type=\"widget\" data-widget_type=\"heading.default\">\n\t\t\t\t<div class=\"elementor-widget-container\">\n\t\t\t\t\t<h4 class=\"elementor-heading-title elementor-size-default\"><a href=\"https:\/\/www.datalab.si\/pantheon\/accounting\/\">Pantheon - Improve Your Business. Centralized. Automated. Controlled.<\/a><\/h4>\t\t\t\t<\/div>\n\t\t\t\t<\/div>\n\t\t\t\t<div class=\"elementor-element elementor-element-b206108 elementor-widget elementor-widget-text-editor\" data-id=\"b206108\" data-element_type=\"widget\" data-e-type=\"widget\" data-widget_type=\"text-editor.default\">\n\t\t\t\t<div class=\"elementor-widget-container\">\n\t\t\t\t\t\t\t\t\t<p><span style=\"color: #000000;\">Increase efficiency, gain control, and achieve goals. Turn a business into a profit with a business program that supports the growth of your business.<\/span><\/p><p><span style=\"color: #000000;\">For more than 20 years, he has been an indispensable part of the lives of exceptional individuals in companies throughout SE Europe.<\/span><\/p><p><span style=\"color: #000000;\">We carry out complete installation and implementation in the existing environment. With the built-in Ares tool, which allows you to add new or upgrade your existing functionality, we can completely adapt to the client's wishes.<\/span><\/p>\t\t\t\t\t\t\t\t<\/div>\n\t\t\t\t<\/div>\n\t\t\t\t\t<\/div>\n\t\t<\/div>\n\t\t\t\t<div class=\"elementor-column elementor-col-50 elementor-inner-column elementor-element elementor-element-37b87ef elementor-invisible\" data-id=\"37b87ef\" data-element_type=\"column\" data-e-type=\"column\" data-settings=\"{&quot;animation&quot;:&quot;fadeInRight&quot;}\">\n\t\t\t<div class=\"elementor-widget-wrap elementor-element-populated\">\n\t\t\t\t\t\t<div class=\"elementor-element elementor-element-04981d6 elementor-widget elementor-widget-image\" data-id=\"04981d6\" data-element_type=\"widget\" data-e-type=\"widget\" data-widget_type=\"image.default\">\n\t\t\t\t<div class=\"elementor-widget-container\">\n\t\t\t\t\t\t\t\t\t\t\t\t\t\t\t\t<a href=\"https:\/\/www.simple-shop.si\/\">\n\t\t\t\t\t\t\t<img decoding=\"async\" width=\"300\" height=\"57\" src=\"https:\/\/mr-avtomatika.com\/wp-content\/uploads\/2020\/01\/simpleshop_logo-e1588003179529-300x57.png\" class=\"elementor-animation-grow attachment-medium size-medium wp-image-389\" alt=\"\" srcset=\"https:\/\/mr-avtomatika.com\/wp-content\/uploads\/2020\/01\/simpleshop_logo-e1588003179529-300x57.png 300w, https:\/\/mr-avtomatika.com\/wp-content\/uploads\/2020\/01\/simpleshop_logo-e1588003179529.png 443w\" sizes=\"(max-width: 300px) 100vw, 300px\" \/>\t\t\t\t\t\t\t\t<\/a>\n\t\t\t\t\t\t\t\t\t\t\t\t\t\t\t<\/div>\n\t\t\t\t<\/div>\n\t\t\t\t<div class=\"elementor-element elementor-element-a0511e7 elementor-widget elementor-widget-heading\" data-id=\"a0511e7\" data-element_type=\"widget\" data-e-type=\"widget\" data-widget_type=\"heading.default\">\n\t\t\t\t<div class=\"elementor-widget-container\">\n\t\t\t\t\t<h4 class=\"elementor-heading-title elementor-size-default\"><a href=\"https:\/\/www.simple-shop.si\/\">SimpleShop - Business invoicing software<\/a><\/h4>\t\t\t\t<\/div>\n\t\t\t\t<\/div>\n\t\t\t\t<div class=\"elementor-element elementor-element-c5c20bf elementor-widget elementor-widget-text-editor\" data-id=\"c5c20bf\" data-element_type=\"widget\" data-e-type=\"widget\" data-widget_type=\"text-editor.default\">\n\t\t\t\t<div class=\"elementor-widget-container\">\n\t\t\t\t\t\t\t\t\t<p><span style=\"color: #000000;\">SimpleShop provides commerce and hospitality solutions. It is a professional computer program for invoicing via POS or A4 printers.<\/span><\/p><p><span style=\"color: #000000;\">It is intended for everyone - small and large companies, as it satisfies even the largest and at the same time smaller companies does not force any redundant functions.<\/span><\/p><p><span style=\"color: #000000;\">Universal business software for invoicing, invoicing or tickets via A4 and POS printers and receiving RFiD (NFC) cards, BAR codes and time access control - all in one software package.<\/span><\/p>\t\t\t\t\t\t\t\t<\/div>\n\t\t\t\t<\/div>\n\t\t\t\t\t<\/div>\n\t\t<\/div>\n\t\t\t\t\t<\/div>\n\t\t<\/section>\n\t\t\t\t<div class=\"elementor-element elementor-element-7817296 elementor-widget-divider--view-line elementor-invisible elementor-widget elementor-widget-divider\" data-id=\"7817296\" data-element_type=\"widget\" data-e-type=\"widget\" data-settings=\"{&quot;_animation&quot;:&quot;fadeInLeft&quot;}\" data-widget_type=\"divider.default\">\n\t\t\t\t<div class=\"elementor-widget-container\">\n\t\t\t\t\t\t\t<div class=\"elementor-divider\">\n\t\t\t<span class=\"elementor-divider-separator\">\n\t\t\t\t\t\t<\/span>\n\t\t<\/div>\n\t\t\t\t\t\t<\/div>\n\t\t\t\t<\/div>\n\t\t\t\t<section class=\"elementor-section elementor-inner-section elementor-element elementor-element-bc9cc7c elementor-section-boxed elementor-section-height-default elementor-section-height-default\" data-id=\"bc9cc7c\" data-element_type=\"section\" data-e-type=\"section\">\n\t\t\t\t\t\t<div class=\"elementor-container elementor-column-gap-default\">\n\t\t\t\t\t<div class=\"elementor-column elementor-col-50 elementor-inner-column elementor-element elementor-element-dfb997f elementor-invisible\" data-id=\"dfb997f\" data-element_type=\"column\" data-e-type=\"column\" data-settings=\"{&quot;animation&quot;:&quot;fadeInLeft&quot;}\">\n\t\t\t<div class=\"elementor-widget-wrap elementor-element-populated\">\n\t\t\t\t\t\t<div class=\"elementor-element elementor-element-269b2f0 elementor-widget elementor-widget-image-carousel\" data-id=\"269b2f0\" data-element_type=\"widget\" data-e-type=\"widget\" data-settings=\"{&quot;navigation&quot;:&quot;none&quot;,&quot;autoplay&quot;:&quot;yes&quot;,&quot;pause_on_hover&quot;:&quot;yes&quot;,&quot;pause_on_interaction&quot;:&quot;yes&quot;,&quot;autoplay_speed&quot;:5000,&quot;infinite&quot;:&quot;yes&quot;,&quot;speed&quot;:500}\" data-widget_type=\"image-carousel.default\">\n\t\t\t\t<div class=\"elementor-widget-container\">\n\t\t\t\t\t\t\t<div class=\"elementor-image-carousel-wrapper swiper\" role=\"region\" aria-roledescription=\"carousel\" aria-label=\"Image Carousel\" dir=\"ltr\" data-no-translation-aria-label=\"\">\n\t\t\t<div class=\"elementor-image-carousel swiper-wrapper\" aria-live=\"off\">\n\t\t\t\t\t\t\t\t<div class=\"swiper-slide\" role=\"group\" aria-roledescription=\"slide\" aria-label=\"1 of 1\" data-no-translation-aria-label=\"\"><figure class=\"swiper-slide-inner\"><img decoding=\"async\" class=\"swiper-slide-image\" src=\"https:\/\/mr-avtomatika.com\/wp-content\/uploads\/2020\/05\/webeconnect-300x35.jpg\" alt=\"webeconnect\" \/><\/figure><\/div>\t\t\t<\/div>\n\t\t\t\t\t<\/div>\n\t\t\t\t\t\t<\/div>\n\t\t\t\t<\/div>\n\t\t\t\t<div class=\"elementor-element elementor-element-6514f47 elementor-widget elementor-widget-heading\" data-id=\"6514f47\" data-element_type=\"widget\" data-e-type=\"widget\" data-widget_type=\"heading.default\">\n\t\t\t\t<div class=\"elementor-widget-container\">\n\t\t\t\t\t<h4 class=\"elementor-heading-title elementor-size-default\"><a href=\"https:\/\/www.onlyoffice.com\/\">webeConnect - Administracija spletnih trgovin<\/a><\/h4>\t\t\t\t<\/div>\n\t\t\t\t<\/div>\n\t\t\t\t<div class=\"elementor-element elementor-element-a8e51ef elementor-widget elementor-widget-text-editor\" data-id=\"a8e51ef\" data-element_type=\"widget\" data-e-type=\"widget\" data-widget_type=\"text-editor.default\">\n\t\t\t\t<div class=\"elementor-widget-container\">\n\t\t\t\t\t\t\t\t\t<p><span style=\"color: #000000;\">webeConnect je programska re\u0161itev, razvita skupaj z podjetjem Sistem24 d.o.o. za izmenjavo podatkov med va\u0161im ERP sistemom (Pantheon, Vasco,..) in spletno trgovino (PrestaShop, WooCommerce,..)<\/span><\/p>\t\t\t\t\t\t\t\t<\/div>\n\t\t\t\t<\/div>\n\t\t\t\t\t<\/div>\n\t\t<\/div>\n\t\t\t\t<div class=\"elementor-column elementor-col-50 elementor-inner-column elementor-element elementor-element-d86e426 elementor-invisible\" data-id=\"d86e426\" data-element_type=\"column\" data-e-type=\"column\" data-settings=\"{&quot;animation&quot;:&quot;fadeInRight&quot;}\">\n\t\t\t<div class=\"elementor-widget-wrap elementor-element-populated\">\n\t\t\t\t\t\t<div class=\"elementor-element elementor-element-58b22ed elementor-widget elementor-widget-image-carousel\" data-id=\"58b22ed\" data-element_type=\"widget\" data-e-type=\"widget\" data-settings=\"{&quot;navigation&quot;:&quot;none&quot;,&quot;autoplay&quot;:&quot;yes&quot;,&quot;pause_on_hover&quot;:&quot;yes&quot;,&quot;pause_on_interaction&quot;:&quot;yes&quot;,&quot;autoplay_speed&quot;:5000,&quot;infinite&quot;:&quot;yes&quot;,&quot;speed&quot;:500}\" data-widget_type=\"image-carousel.default\">\n\t\t\t\t<div class=\"elementor-widget-container\">\n\t\t\t\t\t\t\t<div class=\"elementor-image-carousel-wrapper swiper\" role=\"region\" aria-roledescription=\"carousel\" aria-label=\"Image Carousel\" dir=\"ltr\" data-no-translation-aria-label=\"\">\n\t\t\t<div class=\"elementor-image-carousel swiper-wrapper\" aria-live=\"off\">\n\t\t\t\t\t\t\t\t<div class=\"swiper-slide\" role=\"group\" aria-roledescription=\"slide\" aria-label=\"1 of 1\" data-no-translation-aria-label=\"\"><figure class=\"swiper-slide-inner\"><img decoding=\"async\" class=\"swiper-slide-image\" src=\"https:\/\/mr-avtomatika.com\/wp-content\/uploads\/2020\/05\/paRIP24-300x44.jpg\" alt=\"paRIP24\" \/><\/figure><\/div>\t\t\t<\/div>\n\t\t\t\t\t<\/div>\n\t\t\t\t\t\t<\/div>\n\t\t\t\t<\/div>\n\t\t\t\t<div class=\"elementor-element elementor-element-67aa462 elementor-widget elementor-widget-heading\" data-id=\"67aa462\" data-element_type=\"widget\" data-e-type=\"widget\" data-widget_type=\"heading.default\">\n\t\t\t\t<div class=\"elementor-widget-container\">\n\t\t\t\t\t<h4 class=\"elementor-heading-title elementor-size-default\"><a href=\"https:\/\/www.onlyoffice.com\/\">sisPAtoRIP - Izmenjava podatkov med dobavitelji in kupci po protokolu RIP<\/a><\/h4>\t\t\t\t<\/div>\n\t\t\t\t<\/div>\n\t\t\t\t<div class=\"elementor-element elementor-element-5576b9c elementor-widget elementor-widget-text-editor\" data-id=\"5576b9c\" data-element_type=\"widget\" data-e-type=\"widget\" data-widget_type=\"text-editor.default\">\n\t\t\t\t<div class=\"elementor-widget-container\">\n\t\t\t\t\t\t\t\t\t<p><span style=\"color: #000000;\">sisPAtoRIP je programska re\u0161itev, razvita skupaj z podjetjem Sistem24 d.o.o. za izmenjavo podatkov med dobavitelji in kupci po protokolu RIP.\u00a0<\/span><\/p><p><span style=\"color: #000000;\">Na\u0161 servis poskrbi za avtomatsko izmenjavo podatkov med eb-Managerjem ( Panteon group ) in ERP sistemom Pantheon.<\/span><\/p>\t\t\t\t\t\t\t\t<\/div>\n\t\t\t\t<\/div>\n\t\t\t\t\t<\/div>\n\t\t<\/div>\n\t\t\t\t\t<\/div>\n\t\t<\/section>\n\t\t\t\t\t<\/div>\n\t\t<\/div>\n\t\t\t\t\t<\/div>\n\t\t<\/section>\n\t\t\t\t<\/div>","protected":false},"excerpt":{"rendered":"<p>Ra\u010dunalni\u0161tvo je zelo obse\u017eno in zahtevno podro\u010dje, katerega posku\u0161amo predvsem na IT podro\u010dju \u010dim celoviteje in profesionalno obvladovati. S tem<\/p>","protected":false},"author":1,"featured_media":0,"parent":0,"menu_order":0,"comment_status":"closed","ping_status":"closed","template":"elementor_header_footer","meta":{"colormag_page_container_layout":"default_layout","colormag_page_sidebar_layout":"default_layout","footnotes":""},"class_list":["post-60","page","type-page","status-publish","hentry"],"yoast_head":"<!-- This site is optimized with the Yoast SEO plugin v27.0 - https:\/\/yoast.com\/product\/yoast-seo-wordpress\/ -->\n<title>IT - Programiranje - MR Avtomatika<\/title>\n<meta name=\"robots\" content=\"index, follow, max-snippet:-1, max-image-preview:large, max-video-preview:-1\" \/>\n<link rel=\"canonical\" href=\"https:\/\/mr-avtomatika.com\/en\/it-programiranje\/\" \/>\n<meta property=\"og:locale\" content=\"en_GB\" \/>\n<meta property=\"og:type\" content=\"article\" \/>\n<meta property=\"og:title\" content=\"IT - Programiranje - MR Avtomatika\" \/>\n<meta property=\"og:description\" content=\"Ra\u010dunalni\u0161tvo je zelo obse\u017eno in zahtevno podro\u010dje, katerega posku\u0161amo predvsem na IT podro\u010dju \u010dim celoviteje in profesionalno obvladovati. S tem\" \/>\n<meta property=\"og:url\" content=\"https:\/\/mr-avtomatika.com\/en\/it-programiranje\/\" \/>\n<meta property=\"og:site_name\" content=\"MR Avtomatika\" \/>\n<meta property=\"article:modified_time\" content=\"2020-05-01T15:08:20+00:00\" \/>\n<meta property=\"og:image\" content=\"http:\/\/mr-avtomatika.com\/wp-content\/uploads\/2020\/01\/pantheon_datalab_logo-e1588002831340-300x61.png\" \/>\n<meta name=\"twitter:card\" content=\"summary_large_image\" \/>\n<meta name=\"twitter:label1\" content=\"Estimated reading time\" \/>\n\t<meta name=\"twitter:data1\" content=\"2 minutes\" \/>\n<script type=\"application\/ld+json\" class=\"yoast-schema-graph\">{\"@context\":\"https:\/\/schema.org\",\"@graph\":[{\"@type\":\"WebPage\",\"@id\":\"https:\/\/mr-avtomatika.com\/it-programiranje\/\",\"url\":\"https:\/\/mr-avtomatika.com\/it-programiranje\/\",\"name\":\"IT - Programiranje - MR Avtomatika\",\"isPartOf\":{\"@id\":\"https:\/\/mr-avtomatika.com\/#website\"},\"primaryImageOfPage\":{\"@id\":\"https:\/\/mr-avtomatika.com\/it-programiranje\/#primaryimage\"},\"image\":{\"@id\":\"https:\/\/mr-avtomatika.com\/it-programiranje\/#primaryimage\"},\"thumbnailUrl\":\"http:\/\/mr-avtomatika.com\/wp-content\/uploads\/2020\/01\/pantheon_datalab_logo-e1588002831340-300x61.png\",\"datePublished\":\"2019-03-10T18:13:19+00:00\",\"dateModified\":\"2020-05-01T15:08:20+00:00\",\"breadcrumb\":{\"@id\":\"https:\/\/mr-avtomatika.com\/it-programiranje\/#breadcrumb\"},\"inLanguage\":\"en-GB\",\"potentialAction\":[{\"@type\":\"ReadAction\",\"target\":[\"https:\/\/mr-avtomatika.com\/it-programiranje\/\"]}]},{\"@type\":\"ImageObject\",\"inLanguage\":\"en-GB\",\"@id\":\"https:\/\/mr-avtomatika.com\/it-programiranje\/#primaryimage\",\"url\":\"http:\/\/mr-avtomatika.com\/wp-content\/uploads\/2020\/01\/pantheon_datalab_logo-e1588002831340-300x61.png\",\"contentUrl\":\"http:\/\/mr-avtomatika.com\/wp-content\/uploads\/2020\/01\/pantheon_datalab_logo-e1588002831340-300x61.png\"},{\"@type\":\"BreadcrumbList\",\"@id\":\"https:\/\/mr-avtomatika.com\/it-programiranje\/#breadcrumb\",\"itemListElement\":[{\"@type\":\"ListItem\",\"position\":1,\"name\":\"Home\",\"item\":\"https:\/\/mr-avtomatika.com\/\"},{\"@type\":\"ListItem\",\"position\":2,\"name\":\"IT &#8211; Programiranje\"}]},{\"@type\":\"WebSite\",\"@id\":\"https:\/\/mr-avtomatika.com\/#website\",\"url\":\"https:\/\/mr-avtomatika.com\/\",\"name\":\"MR Avtomatika\",\"description\":\"\",\"publisher\":{\"@id\":\"https:\/\/mr-avtomatika.com\/#organization\"},\"potentialAction\":[{\"@type\":\"SearchAction\",\"target\":{\"@type\":\"EntryPoint\",\"urlTemplate\":\"https:\/\/mr-avtomatika.com\/?s={search_term_string}\"},\"query-input\":{\"@type\":\"PropertyValueSpecification\",\"valueRequired\":true,\"valueName\":\"search_term_string\"}}],\"inLanguage\":\"en-GB\"},{\"@type\":\"Organization\",\"@id\":\"https:\/\/mr-avtomatika.com\/#organization\",\"name\":\"MR Avtomatika\",\"url\":\"https:\/\/mr-avtomatika.com\/\",\"logo\":{\"@type\":\"ImageObject\",\"inLanguage\":\"en-GB\",\"@id\":\"https:\/\/mr-avtomatika.com\/#\/schema\/logo\/image\/\",\"url\":\"https:\/\/mr-avtomatika.com\/wp-content\/uploads\/2019\/02\/Logo_MR-Avtomatika_small_1.png\",\"contentUrl\":\"https:\/\/mr-avtomatika.com\/wp-content\/uploads\/2019\/02\/Logo_MR-Avtomatika_small_1.png\",\"width\":320,\"height\":65,\"caption\":\"MR Avtomatika\"},\"image\":{\"@id\":\"https:\/\/mr-avtomatika.com\/#\/schema\/logo\/image\/\"}}]}<\/script>\n<!-- \/ Yoast SEO plugin. -->","yoast_head_json":{"title":"IT - Programiranje - MR Avtomatika","robots":{"index":"index","follow":"follow","max-snippet":"max-snippet:-1","max-image-preview":"max-image-preview:large","max-video-preview":"max-video-preview:-1"},"canonical":"https:\/\/mr-avtomatika.com\/en\/it-programiranje\/","og_locale":"en_GB","og_type":"article","og_title":"IT - Programiranje - MR Avtomatika","og_description":"Ra\u010dunalni\u0161tvo je zelo obse\u017eno in zahtevno podro\u010dje, katerega posku\u0161amo predvsem na IT podro\u010dju \u010dim celoviteje in profesionalno obvladovati. S tem","og_url":"https:\/\/mr-avtomatika.com\/en\/it-programiranje\/","og_site_name":"MR Avtomatika","article_modified_time":"2020-05-01T15:08:20+00:00","og_image":[{"url":"http:\/\/mr-avtomatika.com\/wp-content\/uploads\/2020\/01\/pantheon_datalab_logo-e1588002831340-300x61.png","type":"","width":"","height":""}],"twitter_card":"summary_large_image","twitter_misc":{"Estimated reading time":"2 minutes"},"schema":{"@context":"https:\/\/schema.org","@graph":[{"@type":"WebPage","@id":"https:\/\/mr-avtomatika.com\/it-programiranje\/","url":"https:\/\/mr-avtomatika.com\/it-programiranje\/","name":"IT - Programiranje - MR Avtomatika","isPartOf":{"@id":"https:\/\/mr-avtomatika.com\/#website"},"primaryImageOfPage":{"@id":"https:\/\/mr-avtomatika.com\/it-programiranje\/#primaryimage"},"image":{"@id":"https:\/\/mr-avtomatika.com\/it-programiranje\/#primaryimage"},"thumbnailUrl":"http:\/\/mr-avtomatika.com\/wp-content\/uploads\/2020\/01\/pantheon_datalab_logo-e1588002831340-300x61.png","datePublished":"2019-03-10T18:13:19+00:00","dateModified":"2020-05-01T15:08:20+00:00","breadcrumb":{"@id":"https:\/\/mr-avtomatika.com\/it-programiranje\/#breadcrumb"},"inLanguage":"en-GB","potentialAction":[{"@type":"ReadAction","target":["https:\/\/mr-avtomatika.com\/it-programiranje\/"]}]},{"@type":"ImageObject","inLanguage":"en-GB","@id":"https:\/\/mr-avtomatika.com\/it-programiranje\/#primaryimage","url":"http:\/\/mr-avtomatika.com\/wp-content\/uploads\/2020\/01\/pantheon_datalab_logo-e1588002831340-300x61.png","contentUrl":"http:\/\/mr-avtomatika.com\/wp-content\/uploads\/2020\/01\/pantheon_datalab_logo-e1588002831340-300x61.png"},{"@type":"BreadcrumbList","@id":"https:\/\/mr-avtomatika.com\/it-programiranje\/#breadcrumb","itemListElement":[{"@type":"ListItem","position":1,"name":"Home","item":"https:\/\/mr-avtomatika.com\/"},{"@type":"ListItem","position":2,"name":"IT &#8211; Programiranje"}]},{"@type":"WebSite","@id":"https:\/\/mr-avtomatika.com\/#website","url":"https:\/\/mr-avtomatika.com\/","name":"MR Avtomatika","description":"","publisher":{"@id":"https:\/\/mr-avtomatika.com\/#organization"},"potentialAction":[{"@type":"SearchAction","target":{"@type":"EntryPoint","urlTemplate":"https:\/\/mr-avtomatika.com\/?s={search_term_string}"},"query-input":{"@type":"PropertyValueSpecification","valueRequired":true,"valueName":"search_term_string"}}],"inLanguage":"en-GB"},{"@type":"Organization","@id":"https:\/\/mr-avtomatika.com\/#organization","name":"MR Avtomatika","url":"https:\/\/mr-avtomatika.com\/","logo":{"@type":"ImageObject","inLanguage":"en-GB","@id":"https:\/\/mr-avtomatika.com\/#\/schema\/logo\/image\/","url":"https:\/\/mr-avtomatika.com\/wp-content\/uploads\/2019\/02\/Logo_MR-Avtomatika_small_1.png","contentUrl":"https:\/\/mr-avtomatika.com\/wp-content\/uploads\/2019\/02\/Logo_MR-Avtomatika_small_1.png","width":320,"height":65,"caption":"MR Avtomatika"},"image":{"@id":"https:\/\/mr-avtomatika.com\/#\/schema\/logo\/image\/"}}]}},"_links":{"self":[{"href":"https:\/\/mr-avtomatika.com\/en\/wp-json\/wp\/v2\/pages\/60","targetHints":{"allow":["GET"]}}],"collection":[{"href":"https:\/\/mr-avtomatika.com\/en\/wp-json\/wp\/v2\/pages"}],"about":[{"href":"https:\/\/mr-avtomatika.com\/en\/wp-json\/wp\/v2\/types\/page"}],"author":[{"embeddable":true,"href":"https:\/\/mr-avtomatika.com\/en\/wp-json\/wp\/v2\/users\/1"}],"replies":[{"embeddable":true,"href":"https:\/\/mr-avtomatika.com\/en\/wp-json\/wp\/v2\/comments?post=60"}],"version-history":[{"count":41,"href":"https:\/\/mr-avtomatika.com\/en\/wp-json\/wp\/v2\/pages\/60\/revisions"}],"predecessor-version":[{"id":649,"href":"https:\/\/mr-avtomatika.com\/en\/wp-json\/wp\/v2\/pages\/60\/revisions\/649"}],"wp:attachment":[{"href":"https:\/\/mr-avtomatika.com\/en\/wp-json\/wp\/v2\/media?parent=60"}],"curies":[{"name":"wp","href":"https:\/\/api.w.org\/{rel}","templated":true}]}}