{"id":399,"date":"2020-01-03T22:03:43","date_gmt":"2020-01-03T21:03:43","guid":{"rendered":"http:\/\/mr-avtomatika.com\/?page_id=399"},"modified":"2022-06-28T16:45:16","modified_gmt":"2022-06-28T14:45:16","slug":"website-design","status":"publish","type":"page","link":"https:\/\/mr-avtomatika.com\/en\/website-design\/","title":{"rendered":"Spletne storitve"},"content":{"rendered":"<div data-elementor-type=\"wp-page\" data-elementor-id=\"399\" class=\"elementor elementor-399\">\n\t\t\t\t\t\t<section class=\"elementor-section elementor-top-section elementor-element elementor-element-745c182 elementor-section-stretched animated-slow elementor-section-boxed elementor-section-height-default elementor-section-height-default elementor-invisible\" data-id=\"745c182\" data-element_type=\"section\" data-e-type=\"section\" data-settings=\"{&quot;stretch_section&quot;:&quot;section-stretched&quot;,&quot;background_background&quot;:&quot;classic&quot;,&quot;animation&quot;:&quot;fadeIn&quot;}\">\n\t\t\t\t\t\t<div class=\"elementor-container elementor-column-gap-default\">\n\t\t\t\t\t<div class=\"elementor-column elementor-col-100 elementor-top-column elementor-element elementor-element-9f3f87a\" data-id=\"9f3f87a\" data-element_type=\"column\" data-e-type=\"column\">\n\t\t\t<div class=\"elementor-widget-wrap elementor-element-populated\">\n\t\t\t\t\t\t<div class=\"elementor-element elementor-element-95117cf elementor-widget-divider--view-line elementor-widget elementor-widget-divider\" data-id=\"95117cf\" data-element_type=\"widget\" data-e-type=\"widget\" data-widget_type=\"divider.default\">\n\t\t\t\t<div class=\"elementor-widget-container\">\n\t\t\t\t\t\t\t<div class=\"elementor-divider\">\n\t\t\t<span class=\"elementor-divider-separator\">\n\t\t\t\t\t\t<\/span>\n\t\t<\/div>\n\t\t\t\t\t\t<\/div>\n\t\t\t\t<\/div>\n\t\t\t\t<div class=\"elementor-element elementor-element-e61851d elementor-widget elementor-widget-text-editor\" data-id=\"e61851d\" data-element_type=\"widget\" data-e-type=\"widget\" data-widget_type=\"text-editor.default\">\n\t\t\t\t<div class=\"elementor-widget-container\">\n\t\t\t\t\t\t\t\t\t<span style=\"font-size: 14pt; color: #ffffff;\">Sodobna spletna storitev mora stranki nuditi <strong>hiter<\/strong>, <strong>enostaven<\/strong> and <strong>pregleden dostop do informacij<\/strong>. <\/span>\n<\/br><\/br>\n<span style=\"font-size: 14pt; background-color: initial;\">Na\u0161 <\/span><strong style=\"font-size: 14pt; background-color: initial;\">glavni cilj<\/strong><span style=\"font-size: 14pt; background-color: initial;\"> je zagotoviti, da bo <\/span><strong style=\"font-size: 14pt; background-color: initial;\">vsaka spletna storitev<\/strong><span style=\"font-size: 14pt; background-color: initial;\">, ki jo ponudimo, omogo\u010dila podjetju, da jo lahko \u010dim bolje izkoristi in integrira v svoje poslovno okolje<\/span><span style=\"font-size: 14pt; background-color: initial;\">.\u00a0<\/span>\n<\/br><\/br>\n<span style=\"color: #ffffff; font-size: 14pt;\">Skupaj z vsemi na\u0161imi storitvami in storitvami na\u0161ih partnerjev, \u017eelimo ponuditi kompletno\u00a0<b>e-Poslovanje<\/b>\u00a0podjetja po meri stranke.\u00a0<\/span>\t\t\t\t\t\t\t\t<\/div>\n\t\t\t\t<\/div>\n\t\t\t\t<div class=\"elementor-element elementor-element-bef9c19 elementor-widget-divider--view-line elementor-widget elementor-widget-divider\" data-id=\"bef9c19\" data-element_type=\"widget\" data-e-type=\"widget\" data-widget_type=\"divider.default\">\n\t\t\t\t<div class=\"elementor-widget-container\">\n\t\t\t\t\t\t\t<div class=\"elementor-divider\">\n\t\t\t<span class=\"elementor-divider-separator\">\n\t\t\t\t\t\t<\/span>\n\t\t<\/div>\n\t\t\t\t\t\t<\/div>\n\t\t\t\t<\/div>\n\t\t\t\t\t<\/div>\n\t\t<\/div>\n\t\t\t\t\t<\/div>\n\t\t<\/section>\n\t\t\t\t<section class=\"elementor-section elementor-top-section elementor-element elementor-element-19b2483 elementor-section-boxed elementor-section-height-default elementor-section-height-default\" data-id=\"19b2483\" data-element_type=\"section\" data-e-type=\"section\">\n\t\t\t\t\t\t<div class=\"elementor-container elementor-column-gap-default\">\n\t\t\t\t\t<div class=\"elementor-column elementor-col-100 elementor-top-column elementor-element elementor-element-ce65f92\" data-id=\"ce65f92\" data-element_type=\"column\" data-e-type=\"column\">\n\t\t\t<div class=\"elementor-widget-wrap elementor-element-populated\">\n\t\t\t\t\t\t<section class=\"elementor-section elementor-inner-section elementor-element elementor-element-d4bdf18 elementor-section-boxed elementor-section-height-default elementor-section-height-default\" data-id=\"d4bdf18\" data-element_type=\"section\" data-e-type=\"section\">\n\t\t\t\t\t\t<div class=\"elementor-container elementor-column-gap-default\">\n\t\t\t\t\t<div class=\"elementor-column elementor-col-50 elementor-inner-column elementor-element elementor-element-2626e35 elementor-invisible\" data-id=\"2626e35\" data-element_type=\"column\" data-e-type=\"column\" data-settings=\"{&quot;animation&quot;:&quot;fadeInLeft&quot;}\">\n\t\t\t<div class=\"elementor-widget-wrap elementor-element-populated\">\n\t\t\t\t\t\t<div class=\"elementor-element elementor-element-5a789f5 elementor-widget elementor-widget-image\" data-id=\"5a789f5\" data-element_type=\"widget\" data-e-type=\"widget\" data-widget_type=\"image.default\">\n\t\t\t\t<div class=\"elementor-widget-container\">\n\t\t\t\t\t\t\t\t\t\t\t\t\t\t\t\t<a href=\"https:\/\/sl.wordpress.org\">\n\t\t\t\t\t\t\t<img decoding=\"async\" src=\"https:\/\/mr-avtomatika.com\/wp-content\/uploads\/2020\/05\/logo_wordpress_1.png\" title=\"logo_wordpress_1\" alt=\"logo_wordpress_1\" class=\"elementor-animation-grow\" loading=\"lazy\" \/>\t\t\t\t\t\t\t\t<\/a>\n\t\t\t\t\t\t\t\t\t\t\t\t\t\t\t<\/div>\n\t\t\t\t<\/div>\n\t\t\t\t<div class=\"elementor-element elementor-element-86265df elementor-widget elementor-widget-heading\" data-id=\"86265df\" data-element_type=\"widget\" data-e-type=\"widget\" data-widget_type=\"heading.default\">\n\t\t\t\t<div class=\"elementor-widget-container\">\n\t\t\t\t\t<h4 class=\"elementor-heading-title elementor-size-default\"><a href=\"https:\/\/www.datalab.si\/pantheon\/accounting\/\">WordPress - Eden najbolj popularnih programskih oprem za izdelavo spletnih strani.<\/a><\/h4>\t\t\t\t<\/div>\n\t\t\t\t<\/div>\n\t\t\t\t<div class=\"elementor-element elementor-element-a9f366e elementor-widget elementor-widget-text-editor\" data-id=\"a9f366e\" data-element_type=\"widget\" data-e-type=\"widget\" data-widget_type=\"text-editor.default\">\n\t\t\t\t<div class=\"elementor-widget-container\">\n\t\t\t\t\t\t\t\t\t<p><span style=\"background-color: initial;\"><span style=\"color: #000000;\">WordPress je odprtokodna programska oprema, katero lahko uporabite za izdelavo enostavne ali napredne spletne strani, bloga ali aplikacije<\/span><\/span><span style=\"color: #000000;\">.<\/span><\/p><p><span style=\"background-color: initial;\"><span style=\"color: #000000;\">Ponujamo spletno gostovanje, namestitev, pomo\u010d ali izdelavo uporabnikom prijazne, odzivne in mobilnim napravam prilagojene ter SEO optimizirane spletne strani<\/span><\/span><span style=\"font-size: 15px; color: #000000; background-color: initial;\">.<\/span><\/p>\t\t\t\t\t\t\t\t<\/div>\n\t\t\t\t<\/div>\n\t\t\t\t\t<\/div>\n\t\t<\/div>\n\t\t\t\t<div class=\"elementor-column elementor-col-50 elementor-inner-column elementor-element elementor-element-0384a25 elementor-invisible\" data-id=\"0384a25\" data-element_type=\"column\" data-e-type=\"column\" data-settings=\"{&quot;animation&quot;:&quot;fadeInRight&quot;}\">\n\t\t\t<div class=\"elementor-widget-wrap elementor-element-populated\">\n\t\t\t\t\t\t<div class=\"elementor-element elementor-element-3211633 elementor-widget elementor-widget-image\" data-id=\"3211633\" data-element_type=\"widget\" data-e-type=\"widget\" data-widget_type=\"image.default\">\n\t\t\t\t<div class=\"elementor-widget-container\">\n\t\t\t\t\t\t\t\t\t\t\t\t\t\t\t\t<a href=\"https:\/\/www.next-cloud.si\/\">\n\t\t\t\t\t\t\t<img decoding=\"async\" width=\"300\" height=\"48\" src=\"https:\/\/mr-avtomatika.com\/wp-content\/uploads\/2020\/01\/Nextcloud_Logo.svg_-e1588002950539-300x48.png\" class=\"elementor-animation-grow attachment-medium size-medium wp-image-383\" alt=\"\" srcset=\"https:\/\/mr-avtomatika.com\/wp-content\/uploads\/2020\/01\/Nextcloud_Logo.svg_-e1588002950539-300x48.png 300w, https:\/\/mr-avtomatika.com\/wp-content\/uploads\/2020\/01\/Nextcloud_Logo.svg_-e1588002950539-1024x164.png 1024w, https:\/\/mr-avtomatika.com\/wp-content\/uploads\/2020\/01\/Nextcloud_Logo.svg_-e1588002950539-768x123.png 768w, https:\/\/mr-avtomatika.com\/wp-content\/uploads\/2020\/01\/Nextcloud_Logo.svg_-e1588002950539.png 1200w\" sizes=\"(max-width: 300px) 100vw, 300px\" \/>\t\t\t\t\t\t\t\t<\/a>\n\t\t\t\t\t\t\t\t\t\t\t\t\t\t\t<\/div>\n\t\t\t\t<\/div>\n\t\t\t\t<div class=\"elementor-element elementor-element-0aaba27 elementor-widget elementor-widget-heading\" data-id=\"0aaba27\" data-element_type=\"widget\" data-e-type=\"widget\" data-widget_type=\"heading.default\">\n\t\t\t\t<div class=\"elementor-widget-container\">\n\t\t\t\t\t<h4 class=\"elementor-heading-title elementor-size-default\"><a href=\"https:\/\/www.next-cloud.si\/\">Nextcloud - Protect your data<\/a><\/h4>\t\t\t\t<\/div>\n\t\t\t\t<\/div>\n\t\t\t\t<div class=\"elementor-element elementor-element-0dfa666 elementor-widget elementor-widget-text-editor\" data-id=\"0dfa666\" data-element_type=\"widget\" data-e-type=\"widget\" data-widget_type=\"text-editor.default\">\n\t\t\t\t<div class=\"elementor-widget-container\">\n\t\t\t\t\t\t\t\t\t<p><span style=\"color: #000000;\">Nextcloud is a stable and high quality cloud solution for managing, sharing and controlling documents. A simple and intuitive web interface lets you share files with other users, create and distribute documents and content in various formats.<\/span><\/p><p><span style=\"color: #000000;\">Protect, control and monitor information and communication within your business. The software solution ensures compliance with business and legal requirements. Keep your information on servers that you always have with you or in our cloud.<\/span><\/p><p><span style=\"color: #000000;\">Nextcloud enables productivity on any platform, whether in the office or in the field. Nextcloud provides transparent access to data in any memory.<\/span><\/p>\t\t\t\t\t\t\t\t<\/div>\n\t\t\t\t<\/div>\n\t\t\t\t\t<\/div>\n\t\t<\/div>\n\t\t\t\t\t<\/div>\n\t\t<\/section>\n\t\t\t\t<div class=\"elementor-element elementor-element-88c63df elementor-widget-divider--view-line elementor-invisible elementor-widget elementor-widget-divider\" data-id=\"88c63df\" data-element_type=\"widget\" data-e-type=\"widget\" data-settings=\"{&quot;_animation&quot;:&quot;fadeInLeft&quot;}\" data-widget_type=\"divider.default\">\n\t\t\t\t<div class=\"elementor-widget-container\">\n\t\t\t\t\t\t\t<div class=\"elementor-divider\">\n\t\t\t<span class=\"elementor-divider-separator\">\n\t\t\t\t\t\t<\/span>\n\t\t<\/div>\n\t\t\t\t\t\t<\/div>\n\t\t\t\t<\/div>\n\t\t\t\t<section class=\"elementor-section elementor-inner-section elementor-element elementor-element-138b1c3 elementor-section-boxed elementor-section-height-default elementor-section-height-default\" data-id=\"138b1c3\" data-element_type=\"section\" data-e-type=\"section\">\n\t\t\t\t\t\t<div class=\"elementor-container elementor-column-gap-default\">\n\t\t\t\t\t<div class=\"elementor-column elementor-col-50 elementor-inner-column elementor-element elementor-element-a89de57 elementor-invisible\" data-id=\"a89de57\" data-element_type=\"column\" data-e-type=\"column\" data-settings=\"{&quot;animation&quot;:&quot;fadeInLeft&quot;}\">\n\t\t\t<div class=\"elementor-widget-wrap elementor-element-populated\">\n\t\t\t\t\t\t<div class=\"elementor-element elementor-element-fd072e8 elementor-widget elementor-widget-image\" data-id=\"fd072e8\" data-element_type=\"widget\" data-e-type=\"widget\" data-widget_type=\"image.default\">\n\t\t\t\t<div class=\"elementor-widget-container\">\n\t\t\t\t\t\t\t\t\t\t\t\t\t\t\t\t<a href=\"https:\/\/www.onlyoffice.com\/\">\n\t\t\t\t\t\t\t<img decoding=\"async\" width=\"300\" height=\"94\" src=\"https:\/\/mr-avtomatika.com\/wp-content\/uploads\/2020\/01\/onlyoffice_logo-e1588003158304-300x94.png\" class=\"elementor-animation-grow attachment-medium size-medium wp-image-385\" alt=\"\" srcset=\"https:\/\/mr-avtomatika.com\/wp-content\/uploads\/2020\/01\/onlyoffice_logo-e1588003158304-300x94.png 300w, https:\/\/mr-avtomatika.com\/wp-content\/uploads\/2020\/01\/onlyoffice_logo-e1588003158304-1024x323.png 1024w, https:\/\/mr-avtomatika.com\/wp-content\/uploads\/2020\/01\/onlyoffice_logo-e1588003158304-768x242.png 768w, https:\/\/mr-avtomatika.com\/wp-content\/uploads\/2020\/01\/onlyoffice_logo-e1588003158304-1536x484.png 1536w, https:\/\/mr-avtomatika.com\/wp-content\/uploads\/2020\/01\/onlyoffice_logo-e1588003158304.png 1597w\" sizes=\"(max-width: 300px) 100vw, 300px\" \/>\t\t\t\t\t\t\t\t<\/a>\n\t\t\t\t\t\t\t\t\t\t\t\t\t\t\t<\/div>\n\t\t\t\t<\/div>\n\t\t\t\t<div class=\"elementor-element elementor-element-4ffeda3 elementor-widget elementor-widget-heading\" data-id=\"4ffeda3\" data-element_type=\"widget\" data-e-type=\"widget\" data-widget_type=\"heading.default\">\n\t\t\t\t<div class=\"elementor-widget-container\">\n\t\t\t\t\t<h4 class=\"elementor-heading-title elementor-size-default\"><a href=\"https:\/\/www.onlyoffice.com\/\">OnlyOffice - Online office for your business<\/a><\/h4>\t\t\t\t<\/div>\n\t\t\t\t<\/div>\n\t\t\t\t<div class=\"elementor-element elementor-element-3cfe1e1 elementor-widget elementor-widget-text-editor\" data-id=\"3cfe1e1\" data-element_type=\"widget\" data-e-type=\"widget\" data-widget_type=\"text-editor.default\">\n\t\t\t\t<div class=\"elementor-widget-container\">\n\t\t\t\t\t\t\t\t\t<p><span style=\"color: #000000;\">OnlyOffice is a feature rich, comprehensive, open source and cloud office suite.<\/span><\/p><p><span style=\"color: #000000;\">It is an online document editor focused primarily on business environments, and also offers an integrated document management and business communications system, which is a kind of CRM. In addition, OnlyOffice supports a range of well-established digital document formats such as DOC, PDF, HTML, TXT, DOCX, CSV and many more.<\/span><\/p><p><span style=\"color: #000000;\">In addition, the solution is equipped with an electronic message viewer and a comprehensive project monitoring system. It is no surprise, then, that it has been sworn in by more than two million business users worldwide, and is recognized in the professional world as a great tool for document management and project management and customer relationship management, which is of course the key to any business success.<\/span><\/p>\t\t\t\t\t\t\t\t<\/div>\n\t\t\t\t<\/div>\n\t\t\t\t\t<\/div>\n\t\t<\/div>\n\t\t\t\t<div class=\"elementor-column elementor-col-50 elementor-inner-column elementor-element elementor-element-be596de elementor-invisible\" data-id=\"be596de\" data-element_type=\"column\" data-e-type=\"column\" data-settings=\"{&quot;animation&quot;:&quot;fadeInRight&quot;}\">\n\t\t\t<div class=\"elementor-widget-wrap elementor-element-populated\">\n\t\t\t\t\t\t<div class=\"elementor-element elementor-element-b539706 elementor-widget elementor-widget-image\" data-id=\"b539706\" data-element_type=\"widget\" data-e-type=\"widget\" data-widget_type=\"image.default\">\n\t\t\t\t<div class=\"elementor-widget-container\">\n\t\t\t\t\t\t\t\t\t\t\t\t\t\t\t\t<a href=\"https:\/\/www.prestashop.com\/\">\n\t\t\t\t\t\t\t<img decoding=\"async\" width=\"213\" height=\"35\" src=\"https:\/\/mr-avtomatika.com\/wp-content\/uploads\/2020\/05\/logo-PrestaShop.png\" class=\"elementor-animation-grow attachment-medium size-medium wp-image-620\" alt=\"\" \/>\t\t\t\t\t\t\t\t<\/a>\n\t\t\t\t\t\t\t\t\t\t\t\t\t\t\t<\/div>\n\t\t\t\t<\/div>\n\t\t\t\t<div class=\"elementor-element elementor-element-e96a81c elementor-widget elementor-widget-heading\" data-id=\"e96a81c\" data-element_type=\"widget\" data-e-type=\"widget\" data-widget_type=\"heading.default\">\n\t\t\t\t<div class=\"elementor-widget-container\">\n\t\t\t\t\t<h4 class=\"elementor-heading-title elementor-size-default\"><a href=\"https:\/\/www.simple-shop.si\/\">PrestaShop - Spletna trgovina<\/a><\/h4>\t\t\t\t<\/div>\n\t\t\t\t<\/div>\n\t\t\t\t<div class=\"elementor-element elementor-element-11a3fa9 elementor-widget elementor-widget-text-editor\" data-id=\"11a3fa9\" data-element_type=\"widget\" data-e-type=\"widget\" data-widget_type=\"text-editor.default\">\n\t\t\t\t<div class=\"elementor-widget-container\">\n\t\t\t\t\t\t\t\t\t<p><span style=\"color: #000000;\">PrestaShop je brezpla\u010dna in zelo priljubljena platform za izdelavo spletnih trgovin. O tem pri\u010da podatek, da na njej deluje \u017ee ve\u010d kot pol milijona trgovin\u00a0<\/span><span style=\"background-color: initial;\"><span style=\"color: #000000;\">in posledi\u010dnost je stabilnost sistema, ki ga je mogo\u010de prilagoditi \u017eeljam ter nadgraditi z \u0161tevilnimi moduli.<\/span><\/span><\/p><p><span style=\"color: #000000; font-family: 'Open Sans', serif; font-size: 15px; font-style: normal; font-variant-ligatures: normal; font-variant-caps: normal; font-weight: 400; background-color: initial;\">Ponujamo spletno gostovanje, namestitev, pomo\u010d ali izdelavo spletne trgovine ter integracijo z va\u0161im ERP sistemom. Za integracijo z ERP sistemom (Pantheon,&#8230;) skrbi na\u0161 modul webEConnect, ki smo ga razvili skupaj z podjetjem Sistem24 in poskrbi za avtomatsko izmenjavo artiklov, zaloge naro\u010dil,.. z va\u0161im ERP-om.\u00a0<\/span><\/p>\t\t\t\t\t\t\t\t<\/div>\n\t\t\t\t<\/div>\n\t\t\t\t\t<\/div>\n\t\t<\/div>\n\t\t\t\t\t<\/div>\n\t\t<\/section>\n\t\t\t\t<div class=\"elementor-element elementor-element-a309e72 elementor-widget-divider--view-line elementor-invisible elementor-widget elementor-widget-divider\" data-id=\"a309e72\" data-element_type=\"widget\" data-e-type=\"widget\" data-settings=\"{&quot;_animation&quot;:&quot;fadeInLeft&quot;}\" data-widget_type=\"divider.default\">\n\t\t\t\t<div class=\"elementor-widget-container\">\n\t\t\t\t\t\t\t<div class=\"elementor-divider\">\n\t\t\t<span class=\"elementor-divider-separator\">\n\t\t\t\t\t\t<\/span>\n\t\t<\/div>\n\t\t\t\t\t\t<\/div>\n\t\t\t\t<\/div>\n\t\t\t\t\t<\/div>\n\t\t<\/div>\n\t\t\t\t\t<\/div>\n\t\t<\/section>\n\t\t\t\t<\/div>","protected":false},"excerpt":{"rendered":"<p>Sodobna spletna storitev mora stranki nuditi hiter, enostaven in pregleden dostop do informacij. Na\u0161 glavni cilj je zagotoviti, da bo<\/p>","protected":false},"author":1,"featured_media":0,"parent":0,"menu_order":0,"comment_status":"closed","ping_status":"closed","template":"elementor_header_footer","meta":{"colormag_page_container_layout":"default_layout","colormag_page_sidebar_layout":"default_layout","footnotes":""},"class_list":["post-399","page","type-page","status-publish","hentry"],"yoast_head":"<!-- This site is optimized with the Yoast SEO plugin v27.0 - https:\/\/yoast.com\/product\/yoast-seo-wordpress\/ -->\n<title>Spletne storitve - MR Avtomatika<\/title>\n<meta name=\"robots\" content=\"index, follow, max-snippet:-1, max-image-preview:large, max-video-preview:-1\" \/>\n<link rel=\"canonical\" href=\"https:\/\/mr-avtomatika.com\/en\/website-design\/\" \/>\n<meta property=\"og:locale\" content=\"en_GB\" \/>\n<meta property=\"og:type\" content=\"article\" \/>\n<meta property=\"og:title\" content=\"Spletne storitve - MR Avtomatika\" \/>\n<meta property=\"og:description\" content=\"Sodobna spletna storitev mora stranki nuditi hiter, enostaven in pregleden dostop do informacij. Na\u0161 glavni cilj je zagotoviti, da bo\" \/>\n<meta property=\"og:url\" content=\"https:\/\/mr-avtomatika.com\/en\/website-design\/\" \/>\n<meta property=\"og:site_name\" content=\"MR Avtomatika\" \/>\n<meta property=\"article:modified_time\" content=\"2022-06-28T14:45:16+00:00\" \/>\n<meta property=\"og:image\" content=\"http:\/\/mr-avtomatika.com\/wp-content\/uploads\/elementor\/thumbs\/logo_wordpress_1-oovemq5yrw5uijrxd0fl5vgged3oclk7z25be9uxls.png\" \/>\n<meta name=\"twitter:card\" content=\"summary_large_image\" \/>\n<meta name=\"twitter:label1\" content=\"Estimated reading time\" \/>\n\t<meta name=\"twitter:data1\" content=\"4 minutes\" \/>\n<script type=\"application\/ld+json\" class=\"yoast-schema-graph\">{\"@context\":\"https:\/\/schema.org\",\"@graph\":[{\"@type\":\"WebPage\",\"@id\":\"https:\/\/mr-avtomatika.com\/website-design\/\",\"url\":\"https:\/\/mr-avtomatika.com\/website-design\/\",\"name\":\"Spletne storitve - MR Avtomatika\",\"isPartOf\":{\"@id\":\"https:\/\/mr-avtomatika.com\/#website\"},\"primaryImageOfPage\":{\"@id\":\"https:\/\/mr-avtomatika.com\/website-design\/#primaryimage\"},\"image\":{\"@id\":\"https:\/\/mr-avtomatika.com\/website-design\/#primaryimage\"},\"thumbnailUrl\":\"http:\/\/mr-avtomatika.com\/wp-content\/uploads\/elementor\/thumbs\/logo_wordpress_1-oovemq5yrw5uijrxd0fl5vgged3oclk7z25be9uxls.png\",\"datePublished\":\"2020-01-03T21:03:43+00:00\",\"dateModified\":\"2022-06-28T14:45:16+00:00\",\"breadcrumb\":{\"@id\":\"https:\/\/mr-avtomatika.com\/website-design\/#breadcrumb\"},\"inLanguage\":\"en-GB\",\"potentialAction\":[{\"@type\":\"ReadAction\",\"target\":[\"https:\/\/mr-avtomatika.com\/website-design\/\"]}]},{\"@type\":\"ImageObject\",\"inLanguage\":\"en-GB\",\"@id\":\"https:\/\/mr-avtomatika.com\/website-design\/#primaryimage\",\"url\":\"http:\/\/mr-avtomatika.com\/wp-content\/uploads\/elementor\/thumbs\/logo_wordpress_1-oovemq5yrw5uijrxd0fl5vgged3oclk7z25be9uxls.png\",\"contentUrl\":\"http:\/\/mr-avtomatika.com\/wp-content\/uploads\/elementor\/thumbs\/logo_wordpress_1-oovemq5yrw5uijrxd0fl5vgged3oclk7z25be9uxls.png\"},{\"@type\":\"BreadcrumbList\",\"@id\":\"https:\/\/mr-avtomatika.com\/website-design\/#breadcrumb\",\"itemListElement\":[{\"@type\":\"ListItem\",\"position\":1,\"name\":\"Home\",\"item\":\"https:\/\/mr-avtomatika.com\/\"},{\"@type\":\"ListItem\",\"position\":2,\"name\":\"Spletne storitve\"}]},{\"@type\":\"WebSite\",\"@id\":\"https:\/\/mr-avtomatika.com\/#website\",\"url\":\"https:\/\/mr-avtomatika.com\/\",\"name\":\"MR Avtomatika\",\"description\":\"\",\"publisher\":{\"@id\":\"https:\/\/mr-avtomatika.com\/#organization\"},\"potentialAction\":[{\"@type\":\"SearchAction\",\"target\":{\"@type\":\"EntryPoint\",\"urlTemplate\":\"https:\/\/mr-avtomatika.com\/?s={search_term_string}\"},\"query-input\":{\"@type\":\"PropertyValueSpecification\",\"valueRequired\":true,\"valueName\":\"search_term_string\"}}],\"inLanguage\":\"en-GB\"},{\"@type\":\"Organization\",\"@id\":\"https:\/\/mr-avtomatika.com\/#organization\",\"name\":\"MR Avtomatika\",\"url\":\"https:\/\/mr-avtomatika.com\/\",\"logo\":{\"@type\":\"ImageObject\",\"inLanguage\":\"en-GB\",\"@id\":\"https:\/\/mr-avtomatika.com\/#\/schema\/logo\/image\/\",\"url\":\"https:\/\/mr-avtomatika.com\/wp-content\/uploads\/2019\/02\/Logo_MR-Avtomatika_small_1.png\",\"contentUrl\":\"https:\/\/mr-avtomatika.com\/wp-content\/uploads\/2019\/02\/Logo_MR-Avtomatika_small_1.png\",\"width\":320,\"height\":65,\"caption\":\"MR Avtomatika\"},\"image\":{\"@id\":\"https:\/\/mr-avtomatika.com\/#\/schema\/logo\/image\/\"}}]}<\/script>\n<!-- \/ Yoast SEO plugin. -->","yoast_head_json":{"title":"Spletne storitve - MR Avtomatika","robots":{"index":"index","follow":"follow","max-snippet":"max-snippet:-1","max-image-preview":"max-image-preview:large","max-video-preview":"max-video-preview:-1"},"canonical":"https:\/\/mr-avtomatika.com\/en\/website-design\/","og_locale":"en_GB","og_type":"article","og_title":"Spletne storitve - MR Avtomatika","og_description":"Sodobna spletna storitev mora stranki nuditi hiter, enostaven in pregleden dostop do informacij. Na\u0161 glavni cilj je zagotoviti, da bo","og_url":"https:\/\/mr-avtomatika.com\/en\/website-design\/","og_site_name":"MR Avtomatika","article_modified_time":"2022-06-28T14:45:16+00:00","og_image":[{"url":"http:\/\/mr-avtomatika.com\/wp-content\/uploads\/elementor\/thumbs\/logo_wordpress_1-oovemq5yrw5uijrxd0fl5vgged3oclk7z25be9uxls.png","type":"","width":"","height":""}],"twitter_card":"summary_large_image","twitter_misc":{"Estimated reading time":"4 minutes"},"schema":{"@context":"https:\/\/schema.org","@graph":[{"@type":"WebPage","@id":"https:\/\/mr-avtomatika.com\/website-design\/","url":"https:\/\/mr-avtomatika.com\/website-design\/","name":"Spletne storitve - MR Avtomatika","isPartOf":{"@id":"https:\/\/mr-avtomatika.com\/#website"},"primaryImageOfPage":{"@id":"https:\/\/mr-avtomatika.com\/website-design\/#primaryimage"},"image":{"@id":"https:\/\/mr-avtomatika.com\/website-design\/#primaryimage"},"thumbnailUrl":"http:\/\/mr-avtomatika.com\/wp-content\/uploads\/elementor\/thumbs\/logo_wordpress_1-oovemq5yrw5uijrxd0fl5vgged3oclk7z25be9uxls.png","datePublished":"2020-01-03T21:03:43+00:00","dateModified":"2022-06-28T14:45:16+00:00","breadcrumb":{"@id":"https:\/\/mr-avtomatika.com\/website-design\/#breadcrumb"},"inLanguage":"en-GB","potentialAction":[{"@type":"ReadAction","target":["https:\/\/mr-avtomatika.com\/website-design\/"]}]},{"@type":"ImageObject","inLanguage":"en-GB","@id":"https:\/\/mr-avtomatika.com\/website-design\/#primaryimage","url":"http:\/\/mr-avtomatika.com\/wp-content\/uploads\/elementor\/thumbs\/logo_wordpress_1-oovemq5yrw5uijrxd0fl5vgged3oclk7z25be9uxls.png","contentUrl":"http:\/\/mr-avtomatika.com\/wp-content\/uploads\/elementor\/thumbs\/logo_wordpress_1-oovemq5yrw5uijrxd0fl5vgged3oclk7z25be9uxls.png"},{"@type":"BreadcrumbList","@id":"https:\/\/mr-avtomatika.com\/website-design\/#breadcrumb","itemListElement":[{"@type":"ListItem","position":1,"name":"Home","item":"https:\/\/mr-avtomatika.com\/"},{"@type":"ListItem","position":2,"name":"Spletne storitve"}]},{"@type":"WebSite","@id":"https:\/\/mr-avtomatika.com\/#website","url":"https:\/\/mr-avtomatika.com\/","name":"MR Avtomatika","description":"","publisher":{"@id":"https:\/\/mr-avtomatika.com\/#organization"},"potentialAction":[{"@type":"SearchAction","target":{"@type":"EntryPoint","urlTemplate":"https:\/\/mr-avtomatika.com\/?s={search_term_string}"},"query-input":{"@type":"PropertyValueSpecification","valueRequired":true,"valueName":"search_term_string"}}],"inLanguage":"en-GB"},{"@type":"Organization","@id":"https:\/\/mr-avtomatika.com\/#organization","name":"MR Avtomatika","url":"https:\/\/mr-avtomatika.com\/","logo":{"@type":"ImageObject","inLanguage":"en-GB","@id":"https:\/\/mr-avtomatika.com\/#\/schema\/logo\/image\/","url":"https:\/\/mr-avtomatika.com\/wp-content\/uploads\/2019\/02\/Logo_MR-Avtomatika_small_1.png","contentUrl":"https:\/\/mr-avtomatika.com\/wp-content\/uploads\/2019\/02\/Logo_MR-Avtomatika_small_1.png","width":320,"height":65,"caption":"MR Avtomatika"},"image":{"@id":"https:\/\/mr-avtomatika.com\/#\/schema\/logo\/image\/"}}]}},"_links":{"self":[{"href":"https:\/\/mr-avtomatika.com\/en\/wp-json\/wp\/v2\/pages\/399","targetHints":{"allow":["GET"]}}],"collection":[{"href":"https:\/\/mr-avtomatika.com\/en\/wp-json\/wp\/v2\/pages"}],"about":[{"href":"https:\/\/mr-avtomatika.com\/en\/wp-json\/wp\/v2\/types\/page"}],"author":[{"embeddable":true,"href":"https:\/\/mr-avtomatika.com\/en\/wp-json\/wp\/v2\/users\/1"}],"replies":[{"embeddable":true,"href":"https:\/\/mr-avtomatika.com\/en\/wp-json\/wp\/v2\/comments?post=399"}],"version-history":[{"count":24,"href":"https:\/\/mr-avtomatika.com\/en\/wp-json\/wp\/v2\/pages\/399\/revisions"}],"predecessor-version":[{"id":830,"href":"https:\/\/mr-avtomatika.com\/en\/wp-json\/wp\/v2\/pages\/399\/revisions\/830"}],"wp:attachment":[{"href":"https:\/\/mr-avtomatika.com\/en\/wp-json\/wp\/v2\/media?parent=399"}],"curies":[{"name":"wp","href":"https:\/\/api.w.org\/{rel}","templated":true}]}}