{"id":345,"date":"2020-01-03T13:42:43","date_gmt":"2020-01-03T12:42:43","guid":{"rendered":"http:\/\/mr-avtomatika.com\/?page_id=345"},"modified":"2020-05-01T18:26:05","modified_gmt":"2020-05-01T16:26:05","slug":"contact","status":"publish","type":"page","link":"https:\/\/mr-avtomatika.com\/en\/contact\/","title":{"rendered":"Contact"},"content":{"rendered":"\t\t<div data-elementor-type=\"wp-page\" data-elementor-id=\"345\" class=\"elementor elementor-345\">\n\t\t\t\t\t\t<section class=\"elementor-section elementor-top-section elementor-element elementor-element-01b9ae0 elementor-section-boxed elementor-section-height-default elementor-section-height-default\" data-id=\"01b9ae0\" data-element_type=\"section\" data-e-type=\"section\">\n\t\t\t\t\t\t<div class=\"elementor-container elementor-column-gap-default\">\n\t\t\t\t\t<div class=\"elementor-column elementor-col-100 elementor-top-column elementor-element elementor-element-8b1f760\" data-id=\"8b1f760\" data-element_type=\"column\" data-e-type=\"column\">\n\t\t\t<div class=\"elementor-widget-wrap\">\n\t\t\t\t\t\t\t<\/div>\n\t\t<\/div>\n\t\t\t\t\t<\/div>\n\t\t<\/section>\n\t\t\t\t<section class=\"elementor-section elementor-top-section elementor-element elementor-element-e29c5fb elementor-section-stretched elementor-section-full_width elementor-section-height-min-height elementor-section-height-default elementor-section-items-middle\" data-id=\"e29c5fb\" data-element_type=\"section\" data-e-type=\"section\" data-settings=\"{&quot;stretch_section&quot;:&quot;section-stretched&quot;,&quot;background_background&quot;:&quot;classic&quot;}\">\n\t\t\t\t\t\t\t<div class=\"elementor-background-overlay\"><\/div>\n\t\t\t\t\t\t\t<div class=\"elementor-container elementor-column-gap-default\">\n\t\t\t\t\t<div class=\"elementor-column elementor-col-100 elementor-top-column elementor-element elementor-element-8ec59c4\" data-id=\"8ec59c4\" data-element_type=\"column\" data-e-type=\"column\">\n\t\t\t<div class=\"elementor-widget-wrap elementor-element-populated\">\n\t\t\t\t\t\t<div class=\"elementor-element elementor-element-df2c216 elementor-widget elementor-widget-heading\" data-id=\"df2c216\" data-element_type=\"widget\" data-e-type=\"widget\" data-widget_type=\"heading.default\">\n\t\t\t\t<div class=\"elementor-widget-container\">\n\t\t\t\t\t<h2 class=\"elementor-heading-title elementor-size-default\">Za\u010dnimo s kraj\u0161im sestankom.<\/h2>\t\t\t\t<\/div>\n\t\t\t\t<\/div>\n\t\t\t\t<div class=\"elementor-element elementor-element-7685044 elementor-widget elementor-widget-heading\" data-id=\"7685044\" data-element_type=\"widget\" data-e-type=\"widget\" data-widget_type=\"heading.default\">\n\t\t\t\t<div class=\"elementor-widget-container\">\n\t\t\t\t\t<h2 class=\"elementor-heading-title elementor-size-default\">Skupaj poi\u0161\u010dimo pravo re\u0161itev.<\/h2>\t\t\t\t<\/div>\n\t\t\t\t<\/div>\n\t\t\t\t\t<\/div>\n\t\t<\/div>\n\t\t\t\t\t<\/div>\n\t\t<\/section>\n\t\t\t\t<section class=\"elementor-section elementor-top-section elementor-element elementor-element-9670e37 elementor-section-stretched elementor-section-boxed elementor-section-height-default elementor-section-height-default\" data-id=\"9670e37\" data-element_type=\"section\" data-e-type=\"section\" data-settings=\"{&quot;stretch_section&quot;:&quot;section-stretched&quot;,&quot;background_background&quot;:&quot;classic&quot;}\">\n\t\t\t\t\t\t<div class=\"elementor-container elementor-column-gap-default\">\n\t\t\t\t\t<div class=\"elementor-column elementor-col-100 elementor-top-column elementor-element elementor-element-1c54624\" data-id=\"1c54624\" data-element_type=\"column\" data-e-type=\"column\">\n\t\t\t<div class=\"elementor-widget-wrap elementor-element-populated\">\n\t\t\t\t\t\t<section class=\"elementor-section elementor-inner-section elementor-element elementor-element-2029ed5 elementor-section-boxed elementor-section-height-default elementor-section-height-default\" data-id=\"2029ed5\" data-element_type=\"section\" data-e-type=\"section\">\n\t\t\t\t\t\t<div class=\"elementor-container elementor-column-gap-default\">\n\t\t\t\t\t<div class=\"elementor-column elementor-col-50 elementor-inner-column elementor-element elementor-element-8dfdf36\" data-id=\"8dfdf36\" data-element_type=\"column\" data-e-type=\"column\">\n\t\t\t<div class=\"elementor-widget-wrap elementor-element-populated\">\n\t\t\t\t\t\t<div class=\"elementor-element elementor-element-b1f8c23 elementor-widget elementor-widget-wp-widget-wpforms-widget\" data-id=\"b1f8c23\" data-element_type=\"widget\" data-e-type=\"widget\" data-widget_type=\"wp-widget-wpforms-widget.default\">\n\t\t\t\t<div class=\"elementor-widget-container\">\n\t\t\t\t\t<section class=\"widget widget_featured_posts clearfix\"><div class=\"wpforms-container wpforms-container-full\" id=\"wpforms-274\"><form id=\"wpforms-form-274\" class=\"wpforms-validate wpforms-form\" data-formid=\"274\" method=\"post\" enctype=\"multipart\/form-data\" action=\"\/en\/wp-json\/wp\/v2\/pages\/345\" data-token=\"a56eacd45030afb6487534a2678391cf\" data-token-time=\"1777061115\"><div class=\"wpforms-head-container\"><div class=\"wpforms-title\">Stopimo v stik<\/div><\/div><noscript class=\"wpforms-error-noscript\">Please enable JavaScript in your browser to complete this form.<\/noscript><div class=\"wpforms-field-container\"><div id=\"wpforms-274-field_1-container\" class=\"wpforms-field wpforms-field-name\" data-field-id=\"1\"><label class=\"wpforms-field-label\" for=\"wpforms-274-field_1\">Ime in priimek <span class=\"wpforms-required-label\">*<\/span><\/label><input type=\"text\" id=\"wpforms-274-field_1\" class=\"wpforms-field-medium wpforms-field-required\" name=\"wpforms[fields][1]\" required><\/div><div id=\"wpforms-274-field_2-container\" class=\"wpforms-field wpforms-field-email\" data-field-id=\"2\"><label class=\"wpforms-field-label\" for=\"wpforms-274-field_2\">Email <span class=\"wpforms-required-label\">*<\/span><\/label><input type=\"email\" id=\"wpforms-274-field_2\" class=\"wpforms-field-medium wpforms-field-required\" name=\"wpforms[fields][2]\" spellcheck=\"false\" required><\/div><div id=\"wpforms-274-field_3-container\" class=\"wpforms-field wpforms-field-textarea\" data-field-id=\"3\"><label class=\"wpforms-field-label\" for=\"wpforms-274-field_3\">Sporo\u010dilo <span class=\"wpforms-required-label\">*<\/span><\/label><textarea id=\"wpforms-274-field_3\" class=\"wpforms-field-medium wpforms-field-required\" name=\"wpforms[fields][3]\" required><\/textarea><\/div><\/div><!-- .wpforms-field-container --><div class=\"wpforms-field wpforms-field-hp\"><label for=\"wpforms-274-field-hp\" class=\"wpforms-field-label\">Email<\/label><input type=\"text\" name=\"wpforms[hp]\" id=\"wpforms-274-field-hp\" class=\"wpforms-field-medium\"><\/div><div class=\"wpforms-recaptcha-container wpforms-is-recaptcha wpforms-is-recaptcha-type-v2\" ><div class=\"g-recaptcha\" data-sitekey=\"6Leje8wUAAAAACW4qnwlaJXXu43LPddmCsOjxQnn\"><\/div><input type=\"text\" name=\"g-recaptcha-hidden\" class=\"wpforms-recaptcha-hidden\" style=\"position:absolute!important;clip:rect(0,0,0,0)!important;height:1px!important;width:1px!important;border:0!important;overflow:hidden!important;padding:0!important;margin:0!important;\" data-rule-recaptcha=\"1\"><\/div><div class=\"wpforms-submit-container\" ><input type=\"hidden\" name=\"wpforms[id]\" value=\"274\"><input type=\"hidden\" name=\"page_title\" value=\"\"><input type=\"hidden\" name=\"page_url\" value=\"https:\/\/mr-avtomatika.com\/en\/wp-json\/wp\/v2\/pages\/345\"><input type=\"hidden\" name=\"url_referer\" value=\"\"><button type=\"submit\" name=\"wpforms[submit]\" id=\"wpforms-submit-274\" class=\"wpforms-submit\" data-alt-text=\"Po\u0161iljam...\" data-submit-text=\"Po\u0161lji\" aria-live=\"assertive\" value=\"wpforms-submit\">Po\u0161lji<\/button><\/div><\/form><\/div>  <!-- .wpforms-container --><\/section>\t\t\t\t<\/div>\n\t\t\t\t<\/div>\n\t\t\t\t\t<\/div>\n\t\t<\/div>\n\t\t\t\t<div class=\"elementor-column elementor-col-50 elementor-inner-column elementor-element elementor-element-37168ba\" data-id=\"37168ba\" data-element_type=\"column\" data-e-type=\"column\">\n\t\t\t<div class=\"elementor-widget-wrap elementor-element-populated\">\n\t\t\t\t\t\t<div class=\"elementor-element elementor-element-8187cfc elementor-widget elementor-widget-text-editor\" data-id=\"8187cfc\" data-element_type=\"widget\" data-e-type=\"widget\" data-widget_type=\"text-editor.default\">\n\t\t\t\t<div class=\"elementor-widget-container\">\n\t\t\t\t\t\t\t\t\t<p><span style=\"color: #ffffff;\">MR Avtomatika: Mirko Robida s.p.<\/span><span style=\"color: #ffffff; font-size: 15px;\"><br \/><\/span><span style=\"color: #ffffff; font-size: 15px;\"><br \/>Grajska ulica 2, 2310 Slovenska Bistrica<br \/><\/span><span style=\"color: #ffffff; font-size: 15px;\">Tel: +386 41575976<br \/><\/span><span style=\"color: #ffffff; font-size: 15px;\">e-mail: info@mr-avtomatika.com<\/span><\/p><p><span style=\"color: #ffffff;\">Delovni \u010das je med tednom od 8.00 do 16.00.\u00a0<br \/><\/span><span style=\"color: #ffffff; font-size: 15px;\">Zaradi terenskega dela je za obisk potrebna predhodna najava. <br \/>V vsakem trenutku smo dosegljivi na na\u0161i telefonski \u0161tevilki.<br \/><br \/><\/span><\/p>\t\t\t\t\t\t\t\t<\/div>\n\t\t\t\t<\/div>\n\t\t\t\t<div class=\"elementor-element elementor-element-81ff2a6 elementor-widget elementor-widget-google_maps\" data-id=\"81ff2a6\" data-element_type=\"widget\" data-e-type=\"widget\" data-widget_type=\"google_maps.default\">\n\t\t\t\t<div class=\"elementor-widget-container\">\n\t\t\t\t\t\t\t<div class=\"elementor-custom-embed\">\n\t\t\t<iframe loading=\"lazy\"\n\t\t\t\t\tsrc=\"https:\/\/maps.google.com\/maps?q=MR%20Avtomatika%2C%20grajska%20ulica%202&#038;t=m&#038;z=15&#038;output=embed&#038;iwloc=near\"\n\t\t\t\t\ttitle=\"MR Avtomatika, grajska ulica 2\"\n\t\t\t\t\taria-label=\"MR Avtomatika, grajska ulica 2\"\n\t\t\t><\/iframe>\n\t\t<\/div>\n\t\t\t\t\t\t<\/div>\n\t\t\t\t<\/div>\n\t\t\t\t\t<\/div>\n\t\t<\/div>\n\t\t\t\t\t<\/div>\n\t\t<\/section>\n\t\t\t\t\t<\/div>\n\t\t<\/div>\n\t\t\t\t\t<\/div>\n\t\t<\/section>\n\t\t\t\t<\/div>\n\t\t","protected":false},"excerpt":{"rendered":"<p>Za\u010dnimo s kraj\u0161im sestankom. Skupaj poi\u0161\u010dimo pravo re\u0161itev. MR Avtomatika: Mirko Robida s.p. Grajska ulica 2, 2310 Slovenska BistricaTel: +386<\/p>","protected":false},"author":1,"featured_media":0,"parent":0,"menu_order":0,"comment_status":"closed","ping_status":"closed","template":"elementor_header_footer","meta":{"colormag_page_container_layout":"default_layout","colormag_page_sidebar_layout":"default_layout","footnotes":""},"class_list":["post-345","page","type-page","status-publish","hentry"],"yoast_head":"<!-- This site is optimized with the Yoast SEO plugin v27.0 - https:\/\/yoast.com\/product\/yoast-seo-wordpress\/ -->\n<title>Contact - MR Avtomatika<\/title>\n<meta name=\"robots\" content=\"index, follow, max-snippet:-1, max-image-preview:large, max-video-preview:-1\" \/>\n<link rel=\"canonical\" href=\"https:\/\/mr-avtomatika.com\/en\/contact\/\" \/>\n<meta property=\"og:locale\" content=\"en_GB\" \/>\n<meta property=\"og:type\" content=\"article\" \/>\n<meta property=\"og:title\" content=\"Contact - MR Avtomatika\" \/>\n<meta property=\"og:description\" content=\"Za\u010dnimo s kraj\u0161im sestankom. Skupaj poi\u0161\u010dimo pravo re\u0161itev. MR Avtomatika: Mirko Robida s.p. Grajska ulica 2, 2310 Slovenska BistricaTel: +386\" \/>\n<meta property=\"og:url\" content=\"https:\/\/mr-avtomatika.com\/en\/contact\/\" \/>\n<meta property=\"og:site_name\" content=\"MR Avtomatika\" \/>\n<meta property=\"article:modified_time\" content=\"2020-05-01T16:26:05+00:00\" \/>\n<meta name=\"twitter:card\" content=\"summary_large_image\" \/>\n<script type=\"application\/ld+json\" class=\"yoast-schema-graph\">{\"@context\":\"https:\/\/schema.org\",\"@graph\":[{\"@type\":\"WebPage\",\"@id\":\"https:\/\/mr-avtomatika.com\/contact\/\",\"url\":\"https:\/\/mr-avtomatika.com\/contact\/\",\"name\":\"Contact - MR Avtomatika\",\"isPartOf\":{\"@id\":\"https:\/\/mr-avtomatika.com\/#website\"},\"datePublished\":\"2020-01-03T12:42:43+00:00\",\"dateModified\":\"2020-05-01T16:26:05+00:00\",\"breadcrumb\":{\"@id\":\"https:\/\/mr-avtomatika.com\/contact\/#breadcrumb\"},\"inLanguage\":\"en-GB\",\"potentialAction\":[{\"@type\":\"ReadAction\",\"target\":[\"https:\/\/mr-avtomatika.com\/contact\/\"]}]},{\"@type\":\"BreadcrumbList\",\"@id\":\"https:\/\/mr-avtomatika.com\/contact\/#breadcrumb\",\"itemListElement\":[{\"@type\":\"ListItem\",\"position\":1,\"name\":\"Home\",\"item\":\"https:\/\/mr-avtomatika.com\/\"},{\"@type\":\"ListItem\",\"position\":2,\"name\":\"Contact\"}]},{\"@type\":\"WebSite\",\"@id\":\"https:\/\/mr-avtomatika.com\/#website\",\"url\":\"https:\/\/mr-avtomatika.com\/\",\"name\":\"MR Avtomatika\",\"description\":\"\",\"publisher\":{\"@id\":\"https:\/\/mr-avtomatika.com\/#organization\"},\"potentialAction\":[{\"@type\":\"SearchAction\",\"target\":{\"@type\":\"EntryPoint\",\"urlTemplate\":\"https:\/\/mr-avtomatika.com\/?s={search_term_string}\"},\"query-input\":{\"@type\":\"PropertyValueSpecification\",\"valueRequired\":true,\"valueName\":\"search_term_string\"}}],\"inLanguage\":\"en-GB\"},{\"@type\":\"Organization\",\"@id\":\"https:\/\/mr-avtomatika.com\/#organization\",\"name\":\"MR Avtomatika\",\"url\":\"https:\/\/mr-avtomatika.com\/\",\"logo\":{\"@type\":\"ImageObject\",\"inLanguage\":\"en-GB\",\"@id\":\"https:\/\/mr-avtomatika.com\/#\/schema\/logo\/image\/\",\"url\":\"https:\/\/mr-avtomatika.com\/wp-content\/uploads\/2019\/02\/Logo_MR-Avtomatika_small_1.png\",\"contentUrl\":\"https:\/\/mr-avtomatika.com\/wp-content\/uploads\/2019\/02\/Logo_MR-Avtomatika_small_1.png\",\"width\":320,\"height\":65,\"caption\":\"MR Avtomatika\"},\"image\":{\"@id\":\"https:\/\/mr-avtomatika.com\/#\/schema\/logo\/image\/\"}}]}<\/script>\n<!-- \/ Yoast SEO plugin. -->","yoast_head_json":{"title":"Contact - MR Avtomatika","robots":{"index":"index","follow":"follow","max-snippet":"max-snippet:-1","max-image-preview":"max-image-preview:large","max-video-preview":"max-video-preview:-1"},"canonical":"https:\/\/mr-avtomatika.com\/en\/contact\/","og_locale":"en_GB","og_type":"article","og_title":"Contact - MR Avtomatika","og_description":"Za\u010dnimo s kraj\u0161im sestankom. Skupaj poi\u0161\u010dimo pravo re\u0161itev. MR Avtomatika: Mirko Robida s.p. Grajska ulica 2, 2310 Slovenska BistricaTel: +386","og_url":"https:\/\/mr-avtomatika.com\/en\/contact\/","og_site_name":"MR Avtomatika","article_modified_time":"2020-05-01T16:26:05+00:00","twitter_card":"summary_large_image","schema":{"@context":"https:\/\/schema.org","@graph":[{"@type":"WebPage","@id":"https:\/\/mr-avtomatika.com\/contact\/","url":"https:\/\/mr-avtomatika.com\/contact\/","name":"Contact - MR Avtomatika","isPartOf":{"@id":"https:\/\/mr-avtomatika.com\/#website"},"datePublished":"2020-01-03T12:42:43+00:00","dateModified":"2020-05-01T16:26:05+00:00","breadcrumb":{"@id":"https:\/\/mr-avtomatika.com\/contact\/#breadcrumb"},"inLanguage":"en-GB","potentialAction":[{"@type":"ReadAction","target":["https:\/\/mr-avtomatika.com\/contact\/"]}]},{"@type":"BreadcrumbList","@id":"https:\/\/mr-avtomatika.com\/contact\/#breadcrumb","itemListElement":[{"@type":"ListItem","position":1,"name":"Home","item":"https:\/\/mr-avtomatika.com\/"},{"@type":"ListItem","position":2,"name":"Contact"}]},{"@type":"WebSite","@id":"https:\/\/mr-avtomatika.com\/#website","url":"https:\/\/mr-avtomatika.com\/","name":"MR Avtomatika","description":"","publisher":{"@id":"https:\/\/mr-avtomatika.com\/#organization"},"potentialAction":[{"@type":"SearchAction","target":{"@type":"EntryPoint","urlTemplate":"https:\/\/mr-avtomatika.com\/?s={search_term_string}"},"query-input":{"@type":"PropertyValueSpecification","valueRequired":true,"valueName":"search_term_string"}}],"inLanguage":"en-GB"},{"@type":"Organization","@id":"https:\/\/mr-avtomatika.com\/#organization","name":"MR Avtomatika","url":"https:\/\/mr-avtomatika.com\/","logo":{"@type":"ImageObject","inLanguage":"en-GB","@id":"https:\/\/mr-avtomatika.com\/#\/schema\/logo\/image\/","url":"https:\/\/mr-avtomatika.com\/wp-content\/uploads\/2019\/02\/Logo_MR-Avtomatika_small_1.png","contentUrl":"https:\/\/mr-avtomatika.com\/wp-content\/uploads\/2019\/02\/Logo_MR-Avtomatika_small_1.png","width":320,"height":65,"caption":"MR Avtomatika"},"image":{"@id":"https:\/\/mr-avtomatika.com\/#\/schema\/logo\/image\/"}}]}},"_links":{"self":[{"href":"https:\/\/mr-avtomatika.com\/en\/wp-json\/wp\/v2\/pages\/345","targetHints":{"allow":["GET"]}}],"collection":[{"href":"https:\/\/mr-avtomatika.com\/en\/wp-json\/wp\/v2\/pages"}],"about":[{"href":"https:\/\/mr-avtomatika.com\/en\/wp-json\/wp\/v2\/types\/page"}],"author":[{"embeddable":true,"href":"https:\/\/mr-avtomatika.com\/en\/wp-json\/wp\/v2\/users\/1"}],"replies":[{"embeddable":true,"href":"https:\/\/mr-avtomatika.com\/en\/wp-json\/wp\/v2\/comments?post=345"}],"version-history":[{"count":5,"href":"https:\/\/mr-avtomatika.com\/en\/wp-json\/wp\/v2\/pages\/345\/revisions"}],"predecessor-version":[{"id":670,"href":"https:\/\/mr-avtomatika.com\/en\/wp-json\/wp\/v2\/pages\/345\/revisions\/670"}],"wp:attachment":[{"href":"https:\/\/mr-avtomatika.com\/en\/wp-json\/wp\/v2\/media?parent=345"}],"curies":[{"name":"wp","href":"https:\/\/api.w.org\/{rel}","templated":true}]}}