{"id":3,"date":"2018-11-13T10:20:44","date_gmt":"2018-11-13T09:20:44","guid":{"rendered":"http:\/\/demo7.mr-avtomatika.com\/?page_id=3"},"modified":"2019-03-02T12:21:56","modified_gmt":"2019-03-02T11:21:56","slug":"privacy-policy","status":"publish","type":"page","link":"https:\/\/mr-avtomatika.com\/en\/privacy-policy\/","title":{"rendered":"Zasebnost in pi\u0161kotki"},"content":{"rendered":"<p><strong><span style=\"font-size: 18pt;\">Pravilnik o pi\u0161kotkih<\/span><\/strong><\/p>\n<p style=\"text-align: justify;\">Zakon o elektronskih komunikacijah (Uradni list \u0161t. 109\/2012), ZEKom-1 je v pravni red prinesel pravila glede uporabe pi\u0161kotkov in podobnih tehnologij za shranjevanje informacij ali dostop do informacij, shranjenih na ra\u010dunalnikih, tablicah ali mobilnih napravah uporabnikov.<\/p>\n<p style=\"text-align: justify;\">Zasebnost uporabnikov je za nas zelo pomembna, zato si prizadevamo, da uporabnikom ponudimo vse informacije o pi\u0161kotkih, ki jih uporabljamo na spletni strani mr-avtomatika.com, z namenom, da omogo\u010dimo bolj\u0161e delovanje spletnih strani in prijetnej\u0161o uporabni\u0161ko izku\u0161njo.<\/p>\n<p style=\"text-align: justify;\">S pomo\u010djo pi\u0161kotkov se na uporabnikovi napravi hranijo unikatni podatki o uporabniku oziroma nastavitve, ki si jih je na posameznem spletnem mestu izbral.<br \/>\nPridobljene informacije in podatke bomo skrbno varovali ter jih uporabljali izklju\u010dno za potrebe zagotavljanja spletne storitve, analizo uporabe, oglasnih sistemov in funkcionalnosti, ki jih brez pi\u0161kotkov ne bi mogli nuditi.<\/p>\n<p><strong><span style=\"font-size: 14pt;\">Pi\u0161kotki, ki jih uporabljamo:<\/span><\/strong><\/p>\n<p>[cookies]<\/p>\n","protected":false},"excerpt":{"rendered":"<p>Pravilnik o pi\u0161kotkih Zakon o elektronskih komunikacijah (Uradni list \u0161t. 109\/2012), ZEKom-1 je v pravni red prinesel pravila glede uporabe<\/p>","protected":false},"author":1,"featured_media":0,"parent":0,"menu_order":0,"comment_status":"closed","ping_status":"open","template":"","meta":{"colormag_page_container_layout":"default_layout","colormag_page_sidebar_layout":"default_layout","footnotes":""},"class_list":["post-3","page","type-page","status-publish","hentry"],"yoast_head":"<!-- This site is optimized with the Yoast SEO plugin v27.0 - https:\/\/yoast.com\/product\/yoast-seo-wordpress\/ -->\n<title>Zasebnost in pi\u0161kotki - MR Avtomatika<\/title>\n<meta name=\"robots\" content=\"index, follow, max-snippet:-1, max-image-preview:large, max-video-preview:-1\" \/>\n<link rel=\"canonical\" href=\"https:\/\/mr-avtomatika.com\/en\/privacy-policy\/\" \/>\n<meta property=\"og:locale\" content=\"en_GB\" \/>\n<meta property=\"og:type\" content=\"article\" \/>\n<meta property=\"og:title\" content=\"Zasebnost in pi\u0161kotki - MR Avtomatika\" \/>\n<meta property=\"og:description\" content=\"Pravilnik o pi\u0161kotkih Zakon o elektronskih komunikacijah (Uradni list \u0161t. 109\/2012), ZEKom-1 je v pravni red prinesel pravila glede uporabe\" \/>\n<meta property=\"og:url\" content=\"https:\/\/mr-avtomatika.com\/en\/privacy-policy\/\" \/>\n<meta property=\"og:site_name\" content=\"MR Avtomatika\" \/>\n<meta property=\"article:modified_time\" content=\"2019-03-02T11:21:56+00:00\" \/>\n<meta name=\"twitter:card\" content=\"summary_large_image\" \/>\n<meta name=\"twitter:label1\" content=\"Estimated reading time\" \/>\n\t<meta name=\"twitter:data1\" content=\"1 minute\" \/>\n<script type=\"application\/ld+json\" class=\"yoast-schema-graph\">{\"@context\":\"https:\/\/schema.org\",\"@graph\":[{\"@type\":\"WebPage\",\"@id\":\"https:\/\/mr-avtomatika.com\/privacy-policy\/\",\"url\":\"https:\/\/mr-avtomatika.com\/privacy-policy\/\",\"name\":\"Zasebnost in pi\u0161kotki - MR Avtomatika\",\"isPartOf\":{\"@id\":\"https:\/\/mr-avtomatika.com\/#website\"},\"datePublished\":\"2018-11-13T09:20:44+00:00\",\"dateModified\":\"2019-03-02T11:21:56+00:00\",\"breadcrumb\":{\"@id\":\"https:\/\/mr-avtomatika.com\/privacy-policy\/#breadcrumb\"},\"inLanguage\":\"en-GB\",\"potentialAction\":[{\"@type\":\"ReadAction\",\"target\":[\"https:\/\/mr-avtomatika.com\/privacy-policy\/\"]}]},{\"@type\":\"BreadcrumbList\",\"@id\":\"https:\/\/mr-avtomatika.com\/privacy-policy\/#breadcrumb\",\"itemListElement\":[{\"@type\":\"ListItem\",\"position\":1,\"name\":\"Home\",\"item\":\"https:\/\/mr-avtomatika.com\/\"},{\"@type\":\"ListItem\",\"position\":2,\"name\":\"Zasebnost in pi\u0161kotki\"}]},{\"@type\":\"WebSite\",\"@id\":\"https:\/\/mr-avtomatika.com\/#website\",\"url\":\"https:\/\/mr-avtomatika.com\/\",\"name\":\"MR Avtomatika\",\"description\":\"\",\"publisher\":{\"@id\":\"https:\/\/mr-avtomatika.com\/#organization\"},\"potentialAction\":[{\"@type\":\"SearchAction\",\"target\":{\"@type\":\"EntryPoint\",\"urlTemplate\":\"https:\/\/mr-avtomatika.com\/?s={search_term_string}\"},\"query-input\":{\"@type\":\"PropertyValueSpecification\",\"valueRequired\":true,\"valueName\":\"search_term_string\"}}],\"inLanguage\":\"en-GB\"},{\"@type\":\"Organization\",\"@id\":\"https:\/\/mr-avtomatika.com\/#organization\",\"name\":\"MR Avtomatika\",\"url\":\"https:\/\/mr-avtomatika.com\/\",\"logo\":{\"@type\":\"ImageObject\",\"inLanguage\":\"en-GB\",\"@id\":\"https:\/\/mr-avtomatika.com\/#\/schema\/logo\/image\/\",\"url\":\"https:\/\/mr-avtomatika.com\/wp-content\/uploads\/2019\/02\/Logo_MR-Avtomatika_small_1.png\",\"contentUrl\":\"https:\/\/mr-avtomatika.com\/wp-content\/uploads\/2019\/02\/Logo_MR-Avtomatika_small_1.png\",\"width\":320,\"height\":65,\"caption\":\"MR Avtomatika\"},\"image\":{\"@id\":\"https:\/\/mr-avtomatika.com\/#\/schema\/logo\/image\/\"}}]}<\/script>\n<!-- \/ Yoast SEO plugin. -->","yoast_head_json":{"title":"Zasebnost in pi\u0161kotki - MR Avtomatika","robots":{"index":"index","follow":"follow","max-snippet":"max-snippet:-1","max-image-preview":"max-image-preview:large","max-video-preview":"max-video-preview:-1"},"canonical":"https:\/\/mr-avtomatika.com\/en\/privacy-policy\/","og_locale":"en_GB","og_type":"article","og_title":"Zasebnost in pi\u0161kotki - MR Avtomatika","og_description":"Pravilnik o pi\u0161kotkih Zakon o elektronskih komunikacijah (Uradni list \u0161t. 109\/2012), ZEKom-1 je v pravni red prinesel pravila glede uporabe","og_url":"https:\/\/mr-avtomatika.com\/en\/privacy-policy\/","og_site_name":"MR Avtomatika","article_modified_time":"2019-03-02T11:21:56+00:00","twitter_card":"summary_large_image","twitter_misc":{"Estimated reading time":"1 minute"},"schema":{"@context":"https:\/\/schema.org","@graph":[{"@type":"WebPage","@id":"https:\/\/mr-avtomatika.com\/privacy-policy\/","url":"https:\/\/mr-avtomatika.com\/privacy-policy\/","name":"Zasebnost in pi\u0161kotki - MR Avtomatika","isPartOf":{"@id":"https:\/\/mr-avtomatika.com\/#website"},"datePublished":"2018-11-13T09:20:44+00:00","dateModified":"2019-03-02T11:21:56+00:00","breadcrumb":{"@id":"https:\/\/mr-avtomatika.com\/privacy-policy\/#breadcrumb"},"inLanguage":"en-GB","potentialAction":[{"@type":"ReadAction","target":["https:\/\/mr-avtomatika.com\/privacy-policy\/"]}]},{"@type":"BreadcrumbList","@id":"https:\/\/mr-avtomatika.com\/privacy-policy\/#breadcrumb","itemListElement":[{"@type":"ListItem","position":1,"name":"Home","item":"https:\/\/mr-avtomatika.com\/"},{"@type":"ListItem","position":2,"name":"Zasebnost in pi\u0161kotki"}]},{"@type":"WebSite","@id":"https:\/\/mr-avtomatika.com\/#website","url":"https:\/\/mr-avtomatika.com\/","name":"MR Avtomatika","description":"","publisher":{"@id":"https:\/\/mr-avtomatika.com\/#organization"},"potentialAction":[{"@type":"SearchAction","target":{"@type":"EntryPoint","urlTemplate":"https:\/\/mr-avtomatika.com\/?s={search_term_string}"},"query-input":{"@type":"PropertyValueSpecification","valueRequired":true,"valueName":"search_term_string"}}],"inLanguage":"en-GB"},{"@type":"Organization","@id":"https:\/\/mr-avtomatika.com\/#organization","name":"MR Avtomatika","url":"https:\/\/mr-avtomatika.com\/","logo":{"@type":"ImageObject","inLanguage":"en-GB","@id":"https:\/\/mr-avtomatika.com\/#\/schema\/logo\/image\/","url":"https:\/\/mr-avtomatika.com\/wp-content\/uploads\/2019\/02\/Logo_MR-Avtomatika_small_1.png","contentUrl":"https:\/\/mr-avtomatika.com\/wp-content\/uploads\/2019\/02\/Logo_MR-Avtomatika_small_1.png","width":320,"height":65,"caption":"MR Avtomatika"},"image":{"@id":"https:\/\/mr-avtomatika.com\/#\/schema\/logo\/image\/"}}]}},"_links":{"self":[{"href":"https:\/\/mr-avtomatika.com\/en\/wp-json\/wp\/v2\/pages\/3","targetHints":{"allow":["GET"]}}],"collection":[{"href":"https:\/\/mr-avtomatika.com\/en\/wp-json\/wp\/v2\/pages"}],"about":[{"href":"https:\/\/mr-avtomatika.com\/en\/wp-json\/wp\/v2\/types\/page"}],"author":[{"embeddable":true,"href":"https:\/\/mr-avtomatika.com\/en\/wp-json\/wp\/v2\/users\/1"}],"replies":[{"embeddable":true,"href":"https:\/\/mr-avtomatika.com\/en\/wp-json\/wp\/v2\/comments?post=3"}],"version-history":[{"count":1,"href":"https:\/\/mr-avtomatika.com\/en\/wp-json\/wp\/v2\/pages\/3\/revisions"}],"predecessor-version":[{"id":36,"href":"https:\/\/mr-avtomatika.com\/en\/wp-json\/wp\/v2\/pages\/3\/revisions\/36"}],"wp:attachment":[{"href":"https:\/\/mr-avtomatika.com\/en\/wp-json\/wp\/v2\/media?parent=3"}],"curies":[{"name":"wp","href":"https:\/\/api.w.org\/{rel}","templated":true}]}}